{"id":20249,"date":"2023-06-01T00:00:00","date_gmt":"2023-05-31T22:00:00","guid":{"rendered":"https:\/\/stollar.eu\/be-kategorijos\/power-grind-mesmale-bmg740\/"},"modified":"2025-03-11T17:31:44","modified_gmt":"2025-03-11T15:31:44","slug":"power-grind-mesmale-bmg740","status":"publish","type":"product","link":"https:\/\/stollar.eu\/lt\/mesmales\/power-grind-mesmale-bmg740\/","title":{"rendered":"the Power Grind m\u0117smal\u0117 BMG740"},"content":{"rendered":"","protected":false},"excerpt":{"rendered":"<h2>Galinga 1600 W m\u0117smal\u0117 su tvirtais metaliniais krumpliara\u010diais ir kokybi\u0161kai besisukan\u010diu maisto smulkintuvu.<\/h2>\n<div>\n<ul>\n<li>Did\u017eiausia galia: 1600 W<\/li>\n<li>Tvirtas lieto aliuminio korpusas<\/li>\n<li>Tvirta metalin\u0117 pavara<\/li>\n<li>2 grei\u010dio nustatymai ir atbulin\u0117s eigos re\u017eimas<\/li>\n<li>Rotacinis maisto smulkintuvas su pjaustymo, smulkinimo ir kapojimo cilindrais<\/li>\n<li>3 metaliniai \u0161lifavimo diskai<\/li>\n<li>Dengtas indas m\u0117sos malimo diskams ir de\u0161r\u0173 priedams laikyti<\/li>\n<li>3 met\u0173 produkto garantija<\/li>\n<\/ul>\n<\/div>\n","protected":false},"featured_media":20252,"template":"","meta":{"_acf_changed":false},"product_brand":[],"product_cat":[429],"product_tag":[],"class_list":{"0":"post-20249","1":"product","2":"type-product","3":"status-publish","4":"has-post-thumbnail","6":"product_cat-mesmales","8":"first","9":"instock","10":"taxable","11":"shipping-taxable","12":"purchasable","13":"product-type-simple"},"acf":[],"_links":{"self":[{"href":"https:\/\/stollar.eu\/lt\/wp-json\/wp\/v2\/product\/20249","targetHints":{"allow":["GET"]}}],"collection":[{"href":"https:\/\/stollar.eu\/lt\/wp-json\/wp\/v2\/product"}],"about":[{"href":"https:\/\/stollar.eu\/lt\/wp-json\/wp\/v2\/types\/product"}],"version-history":[{"count":0,"href":"https:\/\/stollar.eu\/lt\/wp-json\/wp\/v2\/product\/20249\/revisions"}],"wp:featuredmedia":[{"embeddable":true,"href":"https:\/\/stollar.eu\/lt\/wp-json\/wp\/v2\/media\/20252"}],"wp:attachment":[{"href":"https:\/\/stollar.eu\/lt\/wp-json\/wp\/v2\/media?parent=20249"}],"wp:term":[{"taxonomy":"product_brand","embeddable":true,"href":"https:\/\/stollar.eu\/lt\/wp-json\/wp\/v2\/product_brand?post=20249"},{"taxonomy":"product_cat","embeddable":true,"href":"https:\/\/stollar.eu\/lt\/wp-json\/wp\/v2\/product_cat?post=20249"},{"taxonomy":"product_tag","embeddable":true,"href":"https:\/\/stollar.eu\/lt\/wp-json\/wp\/v2\/product_tag?post=20249"}],"curies":[{"name":"wp","href":"https:\/\/api.w.org\/{rel}","templated":true}]}}