{"id":20228,"date":"2023-06-01T00:00:00","date_gmt":"2023-05-31T22:00:00","guid":{"rendered":"https:\/\/stollar.eu\/be-kategorijos\/power-grind-mesmale-bmg570\/"},"modified":"2024-08-01T16:09:01","modified_gmt":"2024-08-01T14:09:01","slug":"power-grind-mesmale-bmg570","status":"publish","type":"product","link":"https:\/\/stollar.eu\/lt\/mesmales\/power-grind-mesmale-bmg570\/","title":{"rendered":"the Power Grind m\u0117smal\u0117 BMG570"},"content":{"rendered":"","protected":false},"excerpt":{"rendered":"<h2>Galinga 1650 W m\u0117smal\u0117 su tvirta metaline jungtimi ir auk\u0161tos kokyb\u0117s besisukan\u010diu maisto smulkintuvu.<\/h2>\n<div>\n<ul>\n<li>Did\u017eiausia galia 1650 W<\/li>\n<li>Tvirta metalin\u0117 jungtis ilgam naudojimui<\/li>\n<li>Maitinimo, grei\u010dio valdymo ir reverso re\u017eimo mygtukai<\/li>\n<li>Didelis lengvai valomas metalinis produkt\u0173 padavimo vamzdis<\/li>\n<li>Lengvai naudojamas de\u0161r\u0173 antgalis<\/li>\n<li>Rotacinis maisto smulkintuvas su pjaustymo, smulkinimo ir kapojimo cilindrais<\/li>\n<li>Ner\u016bdijan\u010dio plieno diskai smulkiam ir stambiam malimui<\/li>\n<li>Automatinis saugos jungiklis<\/li>\n<li>3 met\u0173 produkto garantija<\/li>\n<\/ul>\n<\/div>\n","protected":false},"featured_media":20244,"template":"","meta":{"_acf_changed":false},"product_brand":[],"product_cat":[429],"product_tag":[],"class_list":{"0":"post-20228","1":"product","2":"type-product","3":"status-publish","4":"has-post-thumbnail","6":"product_cat-mesmales","8":"first","9":"instock","10":"taxable","11":"shipping-taxable","12":"purchasable","13":"product-type-simple"},"acf":[],"_links":{"self":[{"href":"https:\/\/stollar.eu\/lt\/wp-json\/wp\/v2\/product\/20228","targetHints":{"allow":["GET"]}}],"collection":[{"href":"https:\/\/stollar.eu\/lt\/wp-json\/wp\/v2\/product"}],"about":[{"href":"https:\/\/stollar.eu\/lt\/wp-json\/wp\/v2\/types\/product"}],"version-history":[{"count":0,"href":"https:\/\/stollar.eu\/lt\/wp-json\/wp\/v2\/product\/20228\/revisions"}],"wp:featuredmedia":[{"embeddable":true,"href":"https:\/\/stollar.eu\/lt\/wp-json\/wp\/v2\/media\/20244"}],"wp:attachment":[{"href":"https:\/\/stollar.eu\/lt\/wp-json\/wp\/v2\/media?parent=20228"}],"wp:term":[{"taxonomy":"product_brand","embeddable":true,"href":"https:\/\/stollar.eu\/lt\/wp-json\/wp\/v2\/product_brand?post=20228"},{"taxonomy":"product_cat","embeddable":true,"href":"https:\/\/stollar.eu\/lt\/wp-json\/wp\/v2\/product_cat?post=20228"},{"taxonomy":"product_tag","embeddable":true,"href":"https:\/\/stollar.eu\/lt\/wp-json\/wp\/v2\/product_tag?post=20228"}],"curies":[{"name":"wp","href":"https:\/\/api.w.org\/{rel}","templated":true}]}}