{"id":20206,"date":"2024-06-01T00:00:00","date_gmt":"2024-05-31T22:00:00","guid":{"rendered":"https:\/\/stollar.eu\/be-kategorijos\/comfort-kettle-pro-tks800\/"},"modified":"2025-10-08T10:50:21","modified_gmt":"2025-10-08T08:50:21","slug":"comfort-kettle-pro-tks800","status":"publish","type":"product","link":"https:\/\/stollar.eu\/lt\/virduliai\/comfort-kettle-pro-tks800\/","title":{"rendered":"the Comfort Kettle Pro virdulys TKS800"},"content":{"rendered":"","protected":false},"excerpt":{"rendered":"<h2>1,7 litro talpos stiklinis virdulys su 5 temperat\u016bros nustatymais.<\/h2>\n<div>\n<ul>\n<li>Ner\u016bdijan\u010dio plieno arbatos krep\u0161elis<\/li>\n<li>80-100 \u00b0C temperat\u016bros reguliavimas ir LCD ekranas<\/li>\n<li>120 minu\u010di\u0173 \u0161ilumos i\u0161laikymo funkcija<\/li>\n<li>2200 W galia, kad greitai \u012fkaist\u0173<\/li>\n<li>1,7 litro talpos virdulys<\/li>\n<li>360\u00b0 pasukamas pagrindas<\/li>\n<li>Saugos funkcija: automatinis i\u0161sijungimas<\/li>\n<li>Skaidraus stiklo arbatinukas<\/li>\n<li>Pasl\u0117ptas kaitinimo elementas<\/li>\n<li>2 met\u0173 produkto garantija<\/li>\n<\/ul>\n<\/div>\n","protected":false},"featured_media":20213,"template":"","meta":{"_acf_changed":false},"product_brand":[],"product_cat":[419],"product_tag":[],"class_list":{"0":"post-20206","1":"product","2":"type-product","3":"status-publish","4":"has-post-thumbnail","6":"product_cat-virduliai","8":"first","9":"instock","10":"taxable","11":"shipping-taxable","12":"purchasable","13":"product-type-simple"},"acf":[],"_links":{"self":[{"href":"https:\/\/stollar.eu\/lt\/wp-json\/wp\/v2\/product\/20206","targetHints":{"allow":["GET"]}}],"collection":[{"href":"https:\/\/stollar.eu\/lt\/wp-json\/wp\/v2\/product"}],"about":[{"href":"https:\/\/stollar.eu\/lt\/wp-json\/wp\/v2\/types\/product"}],"version-history":[{"count":0,"href":"https:\/\/stollar.eu\/lt\/wp-json\/wp\/v2\/product\/20206\/revisions"}],"wp:featuredmedia":[{"embeddable":true,"href":"https:\/\/stollar.eu\/lt\/wp-json\/wp\/v2\/media\/20213"}],"wp:attachment":[{"href":"https:\/\/stollar.eu\/lt\/wp-json\/wp\/v2\/media?parent=20206"}],"wp:term":[{"taxonomy":"product_brand","embeddable":true,"href":"https:\/\/stollar.eu\/lt\/wp-json\/wp\/v2\/product_brand?post=20206"},{"taxonomy":"product_cat","embeddable":true,"href":"https:\/\/stollar.eu\/lt\/wp-json\/wp\/v2\/product_cat?post=20206"},{"taxonomy":"product_tag","embeddable":true,"href":"https:\/\/stollar.eu\/lt\/wp-json\/wp\/v2\/product_tag?post=20206"}],"curies":[{"name":"wp","href":"https:\/\/api.w.org\/{rel}","templated":true}]}}