{"id":20009,"date":"2023-06-01T00:00:00","date_gmt":"2023-05-31T22:00:00","guid":{"rendered":"https:\/\/stollar.eu\/be-kategorijos\/maisytuvas-rankinis-ir-stovinis-maisytuvas-rms400\/"},"modified":"2024-08-01T16:09:10","modified_gmt":"2024-08-01T14:09:10","slug":"maisytuvas-the-hand-stand-mixer-rms400","status":"publish","type":"product","link":"https:\/\/stollar.eu\/lt\/rankiniai-maisytuvai\/maisytuvas-the-hand-stand-mixer-rms400\/","title":{"rendered":"Mai\u0161ytuvas the Hand &amp; Stand Mixer RMS400"},"content":{"rendered":"","protected":false},"excerpt":{"rendered":"<h2>400 W mai\u0161ytuvas su besisukan\u010diu 3,5 l talpos dubeniu, skirtas naudoti ant stovo arba rankomis.<\/h2>\n<div>\n<ul>\n<li>Galingas 400 W variklis<\/li>\n<li>Rankinis mai\u0161ytuvas, nuimamas nuo stovo, skirtas universaliam naudojimui virtuv\u0117je<\/li>\n<li>5 grei\u010dio nustatymai ir turbo funkcija \u012fvairiems ingredientams mai\u0161yti, mai\u0161yti, smulkinti ar plakti<\/li>\n<li>Didelis 3,5 litro ner\u016bdijan\u010dio plieno besisukantis dubuo nuolatiniam darbui be rank\u0173<\/li>\n<li>Duonos arba makaron\u0173 te\u0161los patarimai<\/li>\n<li>Kiau\u0161ini\u0173 baltym\u0173, sausaini\u0173 ar pyrag\u0173 plakimo patarimai<\/li>\n<li>Mai\u0161ytuvo stovas su \u012fsiurbiamomis kojel\u0117mis, kad stabiliai stov\u0117t\u0173<\/li>\n<li>2 met\u0173 produkto garantija<\/li>\n<\/ul>\n<\/div>\n","protected":false},"featured_media":20014,"template":"","meta":{"_acf_changed":false},"product_brand":[],"product_cat":[445],"product_tag":[],"class_list":{"0":"post-20009","1":"product","2":"type-product","3":"status-publish","4":"has-post-thumbnail","6":"product_cat-rankiniai-maisytuvai","8":"first","9":"instock","10":"taxable","11":"shipping-taxable","12":"purchasable","13":"product-type-simple"},"acf":[],"_links":{"self":[{"href":"https:\/\/stollar.eu\/lt\/wp-json\/wp\/v2\/product\/20009","targetHints":{"allow":["GET"]}}],"collection":[{"href":"https:\/\/stollar.eu\/lt\/wp-json\/wp\/v2\/product"}],"about":[{"href":"https:\/\/stollar.eu\/lt\/wp-json\/wp\/v2\/types\/product"}],"version-history":[{"count":0,"href":"https:\/\/stollar.eu\/lt\/wp-json\/wp\/v2\/product\/20009\/revisions"}],"wp:featuredmedia":[{"embeddable":true,"href":"https:\/\/stollar.eu\/lt\/wp-json\/wp\/v2\/media\/20014"}],"wp:attachment":[{"href":"https:\/\/stollar.eu\/lt\/wp-json\/wp\/v2\/media?parent=20009"}],"wp:term":[{"taxonomy":"product_brand","embeddable":true,"href":"https:\/\/stollar.eu\/lt\/wp-json\/wp\/v2\/product_brand?post=20009"},{"taxonomy":"product_cat","embeddable":true,"href":"https:\/\/stollar.eu\/lt\/wp-json\/wp\/v2\/product_cat?post=20009"},{"taxonomy":"product_tag","embeddable":true,"href":"https:\/\/stollar.eu\/lt\/wp-json\/wp\/v2\/product_tag?post=20009"}],"curies":[{"name":"wp","href":"https:\/\/api.w.org\/{rel}","templated":true}]}}