{"id":20006,"date":"2023-06-01T00:00:00","date_gmt":"2023-05-31T22:00:00","guid":{"rendered":"https:\/\/stollar.eu\/be-kategorijos\/rankinis-maisytuvas-shb700\/"},"modified":"2024-08-01T16:09:11","modified_gmt":"2024-08-01T14:09:11","slug":"the-hand-blender-rankinis-maisytuvas-stollar-shb700","status":"publish","type":"product","link":"https:\/\/stollar.eu\/lt\/rankiniai-plaktuvai\/the-hand-blender-rankinis-maisytuvas-stollar-shb700\/","title":{"rendered":"the Hand Blender rankinis mai\u0161ytuvas SHB700"},"content":{"rendered":"","protected":false},"excerpt":{"rendered":"<h3>Stiprus rankinis mai\u0161ytuvas su ergonomi\u0161ka rankena ir turbo mygtuku, u\u017etikrinan\u010diu maksimal\u0173 na\u0161um\u0105.<\/h3>\n<div>\n<ul>\n<li>20 grei\u010dio nustatym\u0173 tiksliam mai\u0161ymui ir smulkinimui<\/li>\n<li>Turbo mygtukas maksimaliam na\u0161umui u\u017etikrinti<\/li>\n<li>Didelio galingumo 800 W variklis<\/li>\n<li>Ner\u016bdijan\u010dio plieno rankena, skirta kar\u0161tiems ir \u0161altiems ingredientams mai\u0161yti<\/li>\n<li>0,5 litro talpos maisto smulkinimo indas su neslystan\u010diu pad\u0117klu \/ dangteliu<\/li>\n<li>0,8 l talpos puodelis su neslystan\u010diu pad\u0117klu \/ dangteliu<\/li>\n<li>Ner\u016bdijan\u010dio plieno plaktuvas, kad b\u016bt\u0173 lengva plakti ir mai\u0161yti<\/li>\n<li>2 met\u0173 produkto garantija<\/li>\n<\/ul>\n<\/div>\n","protected":false},"featured_media":20010,"template":"","meta":{"_acf_changed":false},"product_brand":[],"product_cat":[455],"product_tag":[],"class_list":{"0":"post-20006","1":"product","2":"type-product","3":"status-publish","4":"has-post-thumbnail","6":"product_cat-rankiniai-plaktuvai","8":"first","9":"instock","10":"taxable","11":"shipping-taxable","12":"purchasable","13":"product-type-simple"},"acf":[],"_links":{"self":[{"href":"https:\/\/stollar.eu\/lt\/wp-json\/wp\/v2\/product\/20006","targetHints":{"allow":["GET"]}}],"collection":[{"href":"https:\/\/stollar.eu\/lt\/wp-json\/wp\/v2\/product"}],"about":[{"href":"https:\/\/stollar.eu\/lt\/wp-json\/wp\/v2\/types\/product"}],"version-history":[{"count":0,"href":"https:\/\/stollar.eu\/lt\/wp-json\/wp\/v2\/product\/20006\/revisions"}],"wp:featuredmedia":[{"embeddable":true,"href":"https:\/\/stollar.eu\/lt\/wp-json\/wp\/v2\/media\/20010"}],"wp:attachment":[{"href":"https:\/\/stollar.eu\/lt\/wp-json\/wp\/v2\/media?parent=20006"}],"wp:term":[{"taxonomy":"product_brand","embeddable":true,"href":"https:\/\/stollar.eu\/lt\/wp-json\/wp\/v2\/product_brand?post=20006"},{"taxonomy":"product_cat","embeddable":true,"href":"https:\/\/stollar.eu\/lt\/wp-json\/wp\/v2\/product_cat?post=20006"},{"taxonomy":"product_tag","embeddable":true,"href":"https:\/\/stollar.eu\/lt\/wp-json\/wp\/v2\/product_tag?post=20006"}],"curies":[{"name":"wp","href":"https:\/\/api.w.org\/{rel}","templated":true}]}}