{"id":19974,"date":"2023-06-01T00:00:00","date_gmt":"2023-05-31T22:00:00","guid":{"rendered":"https:\/\/stollar.eu\/be-kategorijos\/big-mouth-leta-sulciaspaude-bjp750\/"},"modified":"2025-03-31T13:42:55","modified_gmt":"2025-03-31T11:42:55","slug":"the-big-mouth-leta-sulciaspaude-bjp750","status":"publish","type":"product","link":"https:\/\/stollar.eu\/lt\/sulciaspaudes\/the-big-mouth-leta-sulciaspaude-bjp750\/","title":{"rendered":"the Big Mouth l\u0117taeig\u0117 sul\u010diaspaud\u0117 BJP750"},"content":{"rendered":"","protected":false},"excerpt":{"rendered":"<h2>L\u0117taeig\u0117 sul\u010diaspaud\u0117 su itin tyliai veikian\u010diu varikliu ir dideliu padavimo lataku.<\/h2>\n<ul>\n<li>Itin tyliai veikiantis 300\u2009W variklis<\/li>\n<li>L\u0117taeigis veikimas (60 aps.\/min.), leid\u017eiantis i\u0161vengti put\u0173 susidarymo<\/li>\n<li>Didelis 85 mm padavimo latakas<\/li>\n<li>Iki 15 minu\u010di\u0173 trukm\u0117s nepertraukiamas veikimas<\/li>\n<li>I\u0161spaud\u017eiamas didel\u012f kiekis sul\u010di\u0173 su minimaliais liku\u010diais<\/li>\n<li>2 met\u0173 produkto garantija<\/li>\n<\/ul>\n","protected":false},"featured_media":19977,"template":"","meta":{"_acf_changed":false},"product_brand":[],"product_cat":[451],"product_tag":[],"class_list":{"0":"post-19974","1":"product","2":"type-product","3":"status-publish","4":"has-post-thumbnail","6":"product_cat-sulciaspaudes","8":"first","9":"instock","10":"taxable","11":"shipping-taxable","12":"purchasable","13":"product-type-simple"},"acf":[],"_links":{"self":[{"href":"https:\/\/stollar.eu\/lt\/wp-json\/wp\/v2\/product\/19974","targetHints":{"allow":["GET"]}}],"collection":[{"href":"https:\/\/stollar.eu\/lt\/wp-json\/wp\/v2\/product"}],"about":[{"href":"https:\/\/stollar.eu\/lt\/wp-json\/wp\/v2\/types\/product"}],"version-history":[{"count":0,"href":"https:\/\/stollar.eu\/lt\/wp-json\/wp\/v2\/product\/19974\/revisions"}],"wp:featuredmedia":[{"embeddable":true,"href":"https:\/\/stollar.eu\/lt\/wp-json\/wp\/v2\/media\/19977"}],"wp:attachment":[{"href":"https:\/\/stollar.eu\/lt\/wp-json\/wp\/v2\/media?parent=19974"}],"wp:term":[{"taxonomy":"product_brand","embeddable":true,"href":"https:\/\/stollar.eu\/lt\/wp-json\/wp\/v2\/product_brand?post=19974"},{"taxonomy":"product_cat","embeddable":true,"href":"https:\/\/stollar.eu\/lt\/wp-json\/wp\/v2\/product_cat?post=19974"},{"taxonomy":"product_tag","embeddable":true,"href":"https:\/\/stollar.eu\/lt\/wp-json\/wp\/v2\/product_tag?post=19974"}],"curies":[{"name":"wp","href":"https:\/\/api.w.org\/{rel}","templated":true}]}}