{"id":19925,"date":"2023-06-01T00:00:00","date_gmt":"2023-05-31T22:00:00","guid":{"rendered":"https:\/\/stollar.eu\/be-kategorijos\/maisytuvas-rankinis-maisytuvas-rms450\/"},"modified":"2024-08-01T16:09:12","modified_gmt":"2024-08-01T14:09:12","slug":"maisytuvas-the-hand-mixer-rms450","status":"publish","type":"product","link":"https:\/\/stollar.eu\/lt\/rankiniai-maisytuvai\/maisytuvas-the-hand-mixer-rms450\/","title":{"rendered":"Mai\u0161ytuvas the Hand Mixer RMS450"},"content":{"rendered":"","protected":false},"excerpt":{"rendered":"<h3>500 W dvigubos paskirties mai\u0161ytuvas su 5 grei\u010dio re\u017eimais ir turbo funkcija.<\/h3>\n<div>\n<ul>\n<li>Galingas 500 W variklis<\/li>\n<li>5 grei\u010dio nustatymai ir turbo funkcija \u012fvairiems ingredientams mai\u0161yti, mai\u0161yti, smulkinti ar plakti<\/li>\n<li>Duonos arba makaron\u0173 te\u0161los patarimai<\/li>\n<li>Kiau\u0161ini\u0173 baltym\u0173, sausaini\u0173 ar pyrag\u0173 plakimo patarimai<\/li>\n<li>2 met\u0173 produkto garantija<\/li>\n<\/ul>\n<\/div>\n","protected":false},"featured_media":19929,"template":"","meta":{"_acf_changed":false},"product_brand":[],"product_cat":[445],"product_tag":[],"class_list":{"0":"post-19925","1":"product","2":"type-product","3":"status-publish","4":"has-post-thumbnail","6":"product_cat-rankiniai-maisytuvai","8":"first","9":"instock","10":"taxable","11":"shipping-taxable","12":"purchasable","13":"product-type-simple"},"acf":[],"_links":{"self":[{"href":"https:\/\/stollar.eu\/lt\/wp-json\/wp\/v2\/product\/19925","targetHints":{"allow":["GET"]}}],"collection":[{"href":"https:\/\/stollar.eu\/lt\/wp-json\/wp\/v2\/product"}],"about":[{"href":"https:\/\/stollar.eu\/lt\/wp-json\/wp\/v2\/types\/product"}],"version-history":[{"count":0,"href":"https:\/\/stollar.eu\/lt\/wp-json\/wp\/v2\/product\/19925\/revisions"}],"wp:featuredmedia":[{"embeddable":true,"href":"https:\/\/stollar.eu\/lt\/wp-json\/wp\/v2\/media\/19929"}],"wp:attachment":[{"href":"https:\/\/stollar.eu\/lt\/wp-json\/wp\/v2\/media?parent=19925"}],"wp:term":[{"taxonomy":"product_brand","embeddable":true,"href":"https:\/\/stollar.eu\/lt\/wp-json\/wp\/v2\/product_brand?post=19925"},{"taxonomy":"product_cat","embeddable":true,"href":"https:\/\/stollar.eu\/lt\/wp-json\/wp\/v2\/product_cat?post=19925"},{"taxonomy":"product_tag","embeddable":true,"href":"https:\/\/stollar.eu\/lt\/wp-json\/wp\/v2\/product_tag?post=19925"}],"curies":[{"name":"wp","href":"https:\/\/api.w.org\/{rel}","templated":true}]}}