{"id":19917,"date":"2023-06-01T00:00:00","date_gmt":"2023-05-31T22:00:00","guid":{"rendered":"https:\/\/stollar.eu\/be-kategorijos\/duonos-kepimo-krosnele-stollar-mcs520\/"},"modified":"2024-08-01T16:09:12","modified_gmt":"2024-08-01T14:09:12","slug":"the-bread-maker-duonkepe-mcs520","status":"publish","type":"product","link":"https:\/\/stollar.eu\/lt\/duonkepes\/the-bread-maker-duonkepe-mcs520\/","title":{"rendered":"the Bread Maker duonkep\u0117 MCS520"},"content":{"rendered":"","protected":false},"excerpt":{"rendered":"<h2>Lengvai naudojama automatin\u0117 duonos kepimo krosnel\u0117.<\/h2>\n<div>\n<ul>\n<li>710 W variklis ir kaitinimo elementas<\/li>\n<li>17 automatini\u0173 program\u0173<\/li>\n<li>3 kepal\u0173 dyd\u017eiai: 500 g, 750 g ir 1 kg<\/li>\n<li>60 minu\u010di\u0173 \u0161ilumos i\u0161laikymo funkcija<\/li>\n<li>15 valand\u0173 starto atid\u0117jimo funkcija<\/li>\n<li>Plutos spalvos kontrol\u0117: \u0161viesi, vidutin\u0117, tamsi<\/li>\n<li>LCD ekranas su foniniu ap\u0161vietimu<\/li>\n<li>Automatin\u0117 vaisi\u0173, s\u0117kl\u0173 ir rie\u0161ut\u0173 talpykla<\/li>\n<li>Ner\u016bdijan\u010dio plieno pagrindas<\/li>\n<li>Nuimamas rezervuaras su apsauga nuo i\u0161degimo, kad b\u016bt\u0173 lengva valyti<\/li>\n<li>2 met\u0173 produkto garantija<\/li>\n<\/ul>\n<\/div>\n","protected":false},"featured_media":19918,"template":"","meta":{"_acf_changed":false},"product_brand":[],"product_cat":[444],"product_tag":[],"class_list":{"0":"post-19917","1":"product","2":"type-product","3":"status-publish","4":"has-post-thumbnail","6":"product_cat-duonkepes","8":"first","9":"instock","10":"taxable","11":"shipping-taxable","12":"purchasable","13":"product-type-simple"},"acf":[],"_links":{"self":[{"href":"https:\/\/stollar.eu\/lt\/wp-json\/wp\/v2\/product\/19917","targetHints":{"allow":["GET"]}}],"collection":[{"href":"https:\/\/stollar.eu\/lt\/wp-json\/wp\/v2\/product"}],"about":[{"href":"https:\/\/stollar.eu\/lt\/wp-json\/wp\/v2\/types\/product"}],"version-history":[{"count":0,"href":"https:\/\/stollar.eu\/lt\/wp-json\/wp\/v2\/product\/19917\/revisions"}],"wp:featuredmedia":[{"embeddable":true,"href":"https:\/\/stollar.eu\/lt\/wp-json\/wp\/v2\/media\/19918"}],"wp:attachment":[{"href":"https:\/\/stollar.eu\/lt\/wp-json\/wp\/v2\/media?parent=19917"}],"wp:term":[{"taxonomy":"product_brand","embeddable":true,"href":"https:\/\/stollar.eu\/lt\/wp-json\/wp\/v2\/product_brand?post=19917"},{"taxonomy":"product_cat","embeddable":true,"href":"https:\/\/stollar.eu\/lt\/wp-json\/wp\/v2\/product_cat?post=19917"},{"taxonomy":"product_tag","embeddable":true,"href":"https:\/\/stollar.eu\/lt\/wp-json\/wp\/v2\/product_tag?post=19917"}],"curies":[{"name":"wp","href":"https:\/\/api.w.org\/{rel}","templated":true}]}}