{"id":19898,"date":"2023-06-01T00:00:00","date_gmt":"2023-05-31T22:00:00","guid":{"rendered":"https:\/\/stollar.eu\/be-kategorijos\/cafe-clean-kavos-aparatu-valymo-tabletes-scc100\/"},"modified":"2024-08-01T16:09:12","modified_gmt":"2024-08-01T14:09:12","slug":"cafe-clean-kavos-aparatu-valymo-tabletes-scc100","status":"publish","type":"product","link":"https:\/\/stollar.eu\/lt\/priedai\/cafe-clean-kavos-aparatu-valymo-tabletes-scc100\/","title":{"rendered":"the Caf\u00e9 Clean kavos aparat\u0173 valymo tablet\u0117s SCC100"},"content":{"rendered":"","protected":false},"excerpt":{"rendered":"<h2>Visi\u0161kai i\u0161valo kavos liku\u010dius i\u0161 kavos aparat\u0173, kad u\u017etikrint\u0173 puik\u0173 kavos g\u0117rim\u0105.<\/h2>\n<div>\n<ul>\n<li>I\u0161valo vadinam\u0105j\u012f &#8222;kvapo gadintoj\u0105&#8221; &#8211; eterinius aliejus, kuri\u0173 nat\u016braliai yra kavos pupel\u0117se.<\/li>\n<li>Nekenksmingas aplinkai, nesudaro fosfat\u0173 nuos\u0117d\u0173.<\/li>\n<\/ul>\n<\/div>\n","protected":false},"featured_media":19909,"template":"","meta":{"_acf_changed":false},"product_brand":[],"product_cat":[442],"product_tag":[],"class_list":{"0":"post-19898","1":"product","2":"type-product","3":"status-publish","4":"has-post-thumbnail","6":"product_cat-priedai","8":"first","9":"instock","10":"taxable","11":"shipping-taxable","12":"purchasable","13":"product-type-simple"},"acf":[],"_links":{"self":[{"href":"https:\/\/stollar.eu\/lt\/wp-json\/wp\/v2\/product\/19898","targetHints":{"allow":["GET"]}}],"collection":[{"href":"https:\/\/stollar.eu\/lt\/wp-json\/wp\/v2\/product"}],"about":[{"href":"https:\/\/stollar.eu\/lt\/wp-json\/wp\/v2\/types\/product"}],"version-history":[{"count":0,"href":"https:\/\/stollar.eu\/lt\/wp-json\/wp\/v2\/product\/19898\/revisions"}],"wp:featuredmedia":[{"embeddable":true,"href":"https:\/\/stollar.eu\/lt\/wp-json\/wp\/v2\/media\/19909"}],"wp:attachment":[{"href":"https:\/\/stollar.eu\/lt\/wp-json\/wp\/v2\/media?parent=19898"}],"wp:term":[{"taxonomy":"product_brand","embeddable":true,"href":"https:\/\/stollar.eu\/lt\/wp-json\/wp\/v2\/product_brand?post=19898"},{"taxonomy":"product_cat","embeddable":true,"href":"https:\/\/stollar.eu\/lt\/wp-json\/wp\/v2\/product_cat?post=19898"},{"taxonomy":"product_tag","embeddable":true,"href":"https:\/\/stollar.eu\/lt\/wp-json\/wp\/v2\/product_tag?post=19898"}],"curies":[{"name":"wp","href":"https:\/\/api.w.org\/{rel}","templated":true}]}}