{"id":19844,"date":"2023-06-01T00:00:00","date_gmt":"2023-05-31T22:00:00","guid":{"rendered":"https:\/\/stollar.eu\/be-kategorijos\/rapid-food-dryer-maisto-dziovintuvas-maisto-dziovintuvas-dhs600\/"},"modified":"2024-08-01T16:09:13","modified_gmt":"2024-08-01T14:09:13","slug":"the-rapid-food-dryer-maisto-dziovintuvas-dhs600","status":"publish","type":"product","link":"https:\/\/stollar.eu\/lt\/maisto-dziovintuvai\/the-rapid-food-dryer-maisto-dziovintuvas-dhs600\/","title":{"rendered":"the Rapid Food Dryer maisto d\u017eiovintuvas DHS600"},"content":{"rendered":"","protected":false},"excerpt":{"rendered":"<h3>Galingas 400 W galios maisto dehidratorius su d\u017eiovinimo lentynomis, kuriose n\u0117ra BPA.<\/h3>\n<div>\n<ul>\n<li>Nustatykite 24 valand\u0173 laikmat\u012f<\/li>\n<li>Galingas 400 W kaitinimo elementas<\/li>\n<li>Reguliuojama temperat\u016bra 35-70 \u00b0C<\/li>\n<li>5 d\u017eiovinimo stovai be BPA, kuriuos galima plauti indaplov\u0117je<\/li>\n<li>Efektyvi 360\u00b0 kar\u0161to oro cirkuliacijos sistema su 12,7 cm ventiliatoriumi<\/li>\n<li>Reguliuojamas tarpini\u0173 lentyn\u0173 auk\u0161tis (pasukite lentynas 180\u00b0 kampu horizontaliai)<\/li>\n<li>Lengvai naudojamas valdymo skydelis su informaciniu LED ekranu<\/li>\n<li>Automatinis i\u0161jungimas<\/li>\n<li>3 met\u0173 produkto garantija<\/li>\n<\/ul>\n<\/div>\n","protected":false},"featured_media":19849,"template":"","meta":{"_acf_changed":false},"product_brand":[],"product_cat":[426],"product_tag":[],"class_list":{"0":"post-19844","1":"product","2":"type-product","3":"status-publish","4":"has-post-thumbnail","6":"product_cat-maisto-dziovintuvai","8":"first","9":"instock","10":"taxable","11":"shipping-taxable","12":"purchasable","13":"product-type-simple"},"acf":[],"_links":{"self":[{"href":"https:\/\/stollar.eu\/lt\/wp-json\/wp\/v2\/product\/19844","targetHints":{"allow":["GET"]}}],"collection":[{"href":"https:\/\/stollar.eu\/lt\/wp-json\/wp\/v2\/product"}],"about":[{"href":"https:\/\/stollar.eu\/lt\/wp-json\/wp\/v2\/types\/product"}],"version-history":[{"count":0,"href":"https:\/\/stollar.eu\/lt\/wp-json\/wp\/v2\/product\/19844\/revisions"}],"wp:featuredmedia":[{"embeddable":true,"href":"https:\/\/stollar.eu\/lt\/wp-json\/wp\/v2\/media\/19849"}],"wp:attachment":[{"href":"https:\/\/stollar.eu\/lt\/wp-json\/wp\/v2\/media?parent=19844"}],"wp:term":[{"taxonomy":"product_brand","embeddable":true,"href":"https:\/\/stollar.eu\/lt\/wp-json\/wp\/v2\/product_brand?post=19844"},{"taxonomy":"product_cat","embeddable":true,"href":"https:\/\/stollar.eu\/lt\/wp-json\/wp\/v2\/product_cat?post=19844"},{"taxonomy":"product_tag","embeddable":true,"href":"https:\/\/stollar.eu\/lt\/wp-json\/wp\/v2\/product_tag?post=19844"}],"curies":[{"name":"wp","href":"https:\/\/api.w.org\/{rel}","templated":true}]}}