{"id":19823,"date":"2023-06-01T00:00:00","date_gmt":"2023-05-31T22:00:00","guid":{"rendered":"https:\/\/stollar.eu\/be-kategorijos\/power-grind-mesmale-bmg720\/"},"modified":"2024-08-01T16:09:21","modified_gmt":"2024-08-01T14:09:21","slug":"power-grind-mesmale-bmg720","status":"publish","type":"product","link":"https:\/\/stollar.eu\/lt\/mesmales\/power-grind-mesmale-bmg720\/","title":{"rendered":"the Power Grind m\u0117smal\u0117 BMG720"},"content":{"rendered":"","protected":false},"excerpt":{"rendered":"<h2>Galinga 2000 W m\u0117smal\u0117 saugiame metaliniame korpuse su variklio apsauga nuo perkaitimo ir perkrovos.<\/h2>\n<div>\n<ul>\n<li>Did\u017eiausia galia 2000 W<\/li>\n<li>Liejamo aliuminio korpusas<\/li>\n<li>Tvirta metalin\u0117 pavara<\/li>\n<li>Variklio apsaugos nuo perkaitimo ir perkrovos sistema<\/li>\n<li>Matoma atbulin\u0117s eigos sistema<\/li>\n<li>3 metaliniai \u0161lifavimo diskai<\/li>\n<li>3 met\u0173 produkto garantija<\/li>\n<\/ul>\n<\/div>\n","protected":false},"featured_media":19836,"template":"","meta":{"_acf_changed":false},"product_brand":[],"product_cat":[429],"product_tag":[],"class_list":{"0":"post-19823","1":"product","2":"type-product","3":"status-publish","4":"has-post-thumbnail","6":"product_cat-mesmales","8":"first","9":"instock","10":"taxable","11":"shipping-taxable","12":"purchasable","13":"product-type-simple"},"acf":[],"_links":{"self":[{"href":"https:\/\/stollar.eu\/lt\/wp-json\/wp\/v2\/product\/19823","targetHints":{"allow":["GET"]}}],"collection":[{"href":"https:\/\/stollar.eu\/lt\/wp-json\/wp\/v2\/product"}],"about":[{"href":"https:\/\/stollar.eu\/lt\/wp-json\/wp\/v2\/types\/product"}],"version-history":[{"count":0,"href":"https:\/\/stollar.eu\/lt\/wp-json\/wp\/v2\/product\/19823\/revisions"}],"wp:featuredmedia":[{"embeddable":true,"href":"https:\/\/stollar.eu\/lt\/wp-json\/wp\/v2\/media\/19836"}],"wp:attachment":[{"href":"https:\/\/stollar.eu\/lt\/wp-json\/wp\/v2\/media?parent=19823"}],"wp:term":[{"taxonomy":"product_brand","embeddable":true,"href":"https:\/\/stollar.eu\/lt\/wp-json\/wp\/v2\/product_brand?post=19823"},{"taxonomy":"product_cat","embeddable":true,"href":"https:\/\/stollar.eu\/lt\/wp-json\/wp\/v2\/product_cat?post=19823"},{"taxonomy":"product_tag","embeddable":true,"href":"https:\/\/stollar.eu\/lt\/wp-json\/wp\/v2\/product_tag?post=19823"}],"curies":[{"name":"wp","href":"https:\/\/api.w.org\/{rel}","templated":true}]}}