{"id":19808,"date":"2023-06-01T00:00:00","date_gmt":"2023-05-31T22:00:00","guid":{"rendered":"https:\/\/stollar.eu\/be-kategorijos\/power-grind-bmg900-mesmale\/"},"modified":"2025-03-11T17:32:34","modified_gmt":"2025-03-11T15:32:34","slug":"power-grind-bmg900-mesmale","status":"publish","type":"product","link":"https:\/\/stollar.eu\/lt\/mesmales\/power-grind-bmg900-mesmale\/","title":{"rendered":"the Power Grind BMG900 m\u0117smal\u0117"},"content":{"rendered":"","protected":false},"excerpt":{"rendered":"<h3>Galinga 2500 W m\u0117smal\u0117 su tvirta metaline jungtimi ir auk\u0161tos kokyb\u0117s besisukan\u010diu maisto smulkintuvu.<\/h3>\n<div>\n<ul>\n<li>Did\u017eiausia galia: 2500 W<\/li>\n<li>Informatyvus skyst\u0173j\u0173 kristal\u0173 ekranas su laikma\u010dio ir atbulin\u0117s eigos, grei\u010dio reguliavimo ir paleidimo\/i\u0161jungimo mygtukais<\/li>\n<li>Tvirtas aliuminio korpusas<\/li>\n<li>Tvirta metalin\u0117 pavara<\/li>\n<li>Tvirta metalin\u0117 jungtis u\u017etikrina ilg\u0105 tarnavimo laik\u0105<\/li>\n<li>Rotacinis maisto smulkintuvas su pjaustymo, smulkinimo ir kapojimo cilindrais ir st\u016bmikliu, skirtas saugiam naudojimui<\/li>\n<li>Lengvai naudojamas de\u0161r\u0173 antgalis, puikiai tinka vis\u0173 r\u016b\u0161i\u0173 de\u0161roms<\/li>\n<li>Apsauginis jungiklis<\/li>\n<li>3 met\u0173 produkto garantija<\/li>\n<\/ul>\n<\/div>\n","protected":false},"featured_media":19821,"template":"","meta":{"_acf_changed":false},"product_brand":[],"product_cat":[429],"product_tag":[],"class_list":{"0":"post-19808","1":"product","2":"type-product","3":"status-publish","4":"has-post-thumbnail","6":"product_cat-mesmales","8":"first","9":"instock","10":"taxable","11":"shipping-taxable","12":"purchasable","13":"product-type-simple"},"acf":[],"_links":{"self":[{"href":"https:\/\/stollar.eu\/lt\/wp-json\/wp\/v2\/product\/19808","targetHints":{"allow":["GET"]}}],"collection":[{"href":"https:\/\/stollar.eu\/lt\/wp-json\/wp\/v2\/product"}],"about":[{"href":"https:\/\/stollar.eu\/lt\/wp-json\/wp\/v2\/types\/product"}],"version-history":[{"count":0,"href":"https:\/\/stollar.eu\/lt\/wp-json\/wp\/v2\/product\/19808\/revisions"}],"wp:featuredmedia":[{"embeddable":true,"href":"https:\/\/stollar.eu\/lt\/wp-json\/wp\/v2\/media\/19821"}],"wp:attachment":[{"href":"https:\/\/stollar.eu\/lt\/wp-json\/wp\/v2\/media?parent=19808"}],"wp:term":[{"taxonomy":"product_brand","embeddable":true,"href":"https:\/\/stollar.eu\/lt\/wp-json\/wp\/v2\/product_brand?post=19808"},{"taxonomy":"product_cat","embeddable":true,"href":"https:\/\/stollar.eu\/lt\/wp-json\/wp\/v2\/product_cat?post=19808"},{"taxonomy":"product_tag","embeddable":true,"href":"https:\/\/stollar.eu\/lt\/wp-json\/wp\/v2\/product_tag?post=19808"}],"curies":[{"name":"wp","href":"https:\/\/api.w.org\/{rel}","templated":true}]}}