{"id":19766,"date":"2023-06-01T00:00:00","date_gmt":"2023-05-31T22:00:00","guid":{"rendered":"https:\/\/stollar.eu\/be-kategorijos\/power-grind-mesmale-bmg590\/"},"modified":"2024-08-01T16:09:22","modified_gmt":"2024-08-01T14:09:22","slug":"power-grind-mesmale-bmg590","status":"publish","type":"product","link":"https:\/\/stollar.eu\/lt\/mesmales\/power-grind-mesmale-bmg590\/","title":{"rendered":"the Power Grind m\u0117smal\u0117 BMG590"},"content":{"rendered":"","protected":false},"excerpt":{"rendered":"<h3>Galinga 1800 W m\u0117smal\u0117 su variklio apsauga nuo perkaitimo ir perkrovos.<\/h3>\n<div>\n<ul>\n<li>Did\u017eiausia galia 1800 W<\/li>\n<li>Tvirta metalin\u0117 pavara<\/li>\n<li>Variklio apsaugos nuo perkaitimo ir perkrovos sistema<\/li>\n<li>Matoma atbulin\u0117s eigos sistema<\/li>\n<li>3 metaliniai \u0161lifavimo diskai<\/li>\n<li>3 met\u0173 produkto garantija<\/li>\n<\/ul>\n<\/div>\n","protected":false},"featured_media":19772,"template":"","meta":{"_acf_changed":false},"product_brand":[],"product_cat":[429],"product_tag":[],"class_list":{"0":"post-19766","1":"product","2":"type-product","3":"status-publish","4":"has-post-thumbnail","6":"product_cat-mesmales","8":"first","9":"instock","10":"taxable","11":"shipping-taxable","12":"purchasable","13":"product-type-simple"},"acf":[],"_links":{"self":[{"href":"https:\/\/stollar.eu\/lt\/wp-json\/wp\/v2\/product\/19766","targetHints":{"allow":["GET"]}}],"collection":[{"href":"https:\/\/stollar.eu\/lt\/wp-json\/wp\/v2\/product"}],"about":[{"href":"https:\/\/stollar.eu\/lt\/wp-json\/wp\/v2\/types\/product"}],"version-history":[{"count":0,"href":"https:\/\/stollar.eu\/lt\/wp-json\/wp\/v2\/product\/19766\/revisions"}],"wp:featuredmedia":[{"embeddable":true,"href":"https:\/\/stollar.eu\/lt\/wp-json\/wp\/v2\/media\/19772"}],"wp:attachment":[{"href":"https:\/\/stollar.eu\/lt\/wp-json\/wp\/v2\/media?parent=19766"}],"wp:term":[{"taxonomy":"product_brand","embeddable":true,"href":"https:\/\/stollar.eu\/lt\/wp-json\/wp\/v2\/product_brand?post=19766"},{"taxonomy":"product_cat","embeddable":true,"href":"https:\/\/stollar.eu\/lt\/wp-json\/wp\/v2\/product_cat?post=19766"},{"taxonomy":"product_tag","embeddable":true,"href":"https:\/\/stollar.eu\/lt\/wp-json\/wp\/v2\/product_tag?post=19766"}],"curies":[{"name":"wp","href":"https:\/\/api.w.org\/{rel}","templated":true}]}}