{"id":19725,"date":"2023-06-01T00:00:00","date_gmt":"2023-05-31T22:00:00","guid":{"rendered":"https:\/\/stollar.eu\/be-kategorijos\/vacuumfresh-pro-vakuumine-pakuote-bvs700\/"},"modified":"2026-02-25T13:29:53","modified_gmt":"2026-02-25T11:29:53","slug":"the-vacuumfresh-pro-vakuumavimo-aparatas-bvs700","status":"publish","type":"product","link":"https:\/\/stollar.eu\/lt\/vakuumatoriai\/the-vacuumfresh-pro-vakuumavimo-aparatas-bvs700\/","title":{"rendered":"the VacuumFresh Pro vakuumavimo aparatas BVS700"},"content":{"rendered":"","protected":false},"excerpt":{"rendered":"<h2>Didelio galingumo vakuumin\u0117 pakuot\u0117 su integruotu ritini\u0173 skyriumi ir pjaustymo mechanizmu. Dvigubos lydimo juostos itin saugiems mai\u0161eliams gaminti.<\/h2>\n<div>\n<ul>\n<li>Didelio na\u0161umo dvigubas siurblys u\u017etikrina maksimal\u0173 -0,9 bar siurbimo sl\u0117g\u012f<\/li>\n<li>15 l\/min vakuuminio siurbimo greitis<\/li>\n<li>Ypa\u010d saugios dvigubos lydymo juostos, tinkami 30 cm plo\u010dio mai\u0161eliams ir mai\u0161eli\u0173 ritiniams<\/li>\n<li>Itin didelis \u012fmontuotas ritini\u0173 laikymo skyrius ir pjaustymo mechanizmas<\/li>\n<li>I\u0161samus valdymo skydelis su LED pa\u017eangos indikatoriumi<\/li>\n<li>Vamzd\u017eio jungtis skardin\u0117ms ir kitiems priedams prijungti.<\/li>\n<li>Impulsinis vakuumo re\u017eimas, skirtas rankiniu b\u016bdu reguliuoti siurbimo sl\u0117g\u012f.<\/li>\n<li>3 met\u0173 produkto garantija<\/li>\n<\/ul>\n<\/div>\n","protected":false},"featured_media":19732,"template":"","meta":{"_acf_changed":false},"product_brand":[],"product_cat":[425],"product_tag":[],"class_list":{"0":"post-19725","1":"product","2":"type-product","3":"status-publish","4":"has-post-thumbnail","6":"product_cat-vakuumatoriai","8":"first","9":"instock","10":"taxable","11":"shipping-taxable","12":"purchasable","13":"product-type-simple"},"acf":[],"_links":{"self":[{"href":"https:\/\/stollar.eu\/lt\/wp-json\/wp\/v2\/product\/19725","targetHints":{"allow":["GET"]}}],"collection":[{"href":"https:\/\/stollar.eu\/lt\/wp-json\/wp\/v2\/product"}],"about":[{"href":"https:\/\/stollar.eu\/lt\/wp-json\/wp\/v2\/types\/product"}],"version-history":[{"count":0,"href":"https:\/\/stollar.eu\/lt\/wp-json\/wp\/v2\/product\/19725\/revisions"}],"wp:featuredmedia":[{"embeddable":true,"href":"https:\/\/stollar.eu\/lt\/wp-json\/wp\/v2\/media\/19732"}],"wp:attachment":[{"href":"https:\/\/stollar.eu\/lt\/wp-json\/wp\/v2\/media?parent=19725"}],"wp:term":[{"taxonomy":"product_brand","embeddable":true,"href":"https:\/\/stollar.eu\/lt\/wp-json\/wp\/v2\/product_brand?post=19725"},{"taxonomy":"product_cat","embeddable":true,"href":"https:\/\/stollar.eu\/lt\/wp-json\/wp\/v2\/product_cat?post=19725"},{"taxonomy":"product_tag","embeddable":true,"href":"https:\/\/stollar.eu\/lt\/wp-json\/wp\/v2\/product_tag?post=19725"}],"curies":[{"name":"wp","href":"https:\/\/api.w.org\/{rel}","templated":true}]}}