{"id":19723,"date":"2023-06-01T00:00:00","date_gmt":"2023-05-31T22:00:00","guid":{"rendered":"https:\/\/stollar.eu\/be-kategorijos\/daugiafunkcinis-virtuvinis-kombainas-stollar-spp700\/"},"modified":"2024-08-01T16:09:22","modified_gmt":"2024-08-01T14:09:22","slug":"the-multi-food-processor-virtuvinis-kombainas-spp700","status":"publish","type":"product","link":"https:\/\/stollar.eu\/lt\/virtuviniai-kombainai\/the-multi-food-processor-virtuvinis-kombainas-spp700\/","title":{"rendered":"the Multi Food Processor virtuvinis kombainas SPP700"},"content":{"rendered":"","protected":false},"excerpt":{"rendered":"<h2>Galingas 800 W virtuvinis kombainas su 2 grei\u010diais ir pulsavimo re\u017eimu.<\/h2>\n<div>\n<ul>\n<li>Galingas 800 W variklis<\/li>\n<li>1,2 litro talpos indas<\/li>\n<li>1,5 litro talpos stiklinis mai\u0161ytuvo \u0105sotis<\/li>\n<li>2 grei\u010diai ir impulsinis re\u017eimas<\/li>\n<li>Te\u0161los minkymo peilis ir daugiafunkcinis pjaustymo peilis<\/li>\n<li>Priedas su dviem plaktuvais<\/li>\n<li>4 ner\u016bdijan\u010diojo plieno diskai: grie\u017ein\u0117liams pjaustyti, tarkuoti, bulvyt\u0117ms pjaustyti ir bulv\u0117ms tarkuoti<\/li>\n<li>Neslystan\u010dios kojel\u0117s, kad b\u016bt\u0173 suma\u017einta vibracija<\/li>\n<li>Saugaus u\u017erakinimo sistema<\/li>\n<li>3 met\u0173 produkto garantija<\/li>\n<\/ul>\n<\/div>\n","protected":false},"featured_media":26987,"template":"","meta":{"_acf_changed":false},"product_brand":[],"product_cat":[408],"product_tag":[],"class_list":{"0":"post-19723","1":"product","2":"type-product","3":"status-publish","4":"has-post-thumbnail","6":"product_cat-virtuviniai-kombainai","8":"first","9":"instock","10":"taxable","11":"shipping-taxable","12":"purchasable","13":"product-type-simple"},"acf":[],"_links":{"self":[{"href":"https:\/\/stollar.eu\/lt\/wp-json\/wp\/v2\/product\/19723","targetHints":{"allow":["GET"]}}],"collection":[{"href":"https:\/\/stollar.eu\/lt\/wp-json\/wp\/v2\/product"}],"about":[{"href":"https:\/\/stollar.eu\/lt\/wp-json\/wp\/v2\/types\/product"}],"version-history":[{"count":0,"href":"https:\/\/stollar.eu\/lt\/wp-json\/wp\/v2\/product\/19723\/revisions"}],"wp:featuredmedia":[{"embeddable":true,"href":"https:\/\/stollar.eu\/lt\/wp-json\/wp\/v2\/media\/26987"}],"wp:attachment":[{"href":"https:\/\/stollar.eu\/lt\/wp-json\/wp\/v2\/media?parent=19723"}],"wp:term":[{"taxonomy":"product_brand","embeddable":true,"href":"https:\/\/stollar.eu\/lt\/wp-json\/wp\/v2\/product_brand?post=19723"},{"taxonomy":"product_cat","embeddable":true,"href":"https:\/\/stollar.eu\/lt\/wp-json\/wp\/v2\/product_cat?post=19723"},{"taxonomy":"product_tag","embeddable":true,"href":"https:\/\/stollar.eu\/lt\/wp-json\/wp\/v2\/product_tag?post=19723"}],"curies":[{"name":"wp","href":"https:\/\/api.w.org\/{rel}","templated":true}]}}