{"id":19720,"date":"2023-06-01T00:00:00","date_gmt":"2023-05-31T22:00:00","guid":{"rendered":"https:\/\/stollar.eu\/be-kategorijos\/rapid-food-dryer-maisto-dziovintuvas-maisto-dziovintuvas-dhs700\/"},"modified":"2024-08-01T16:09:23","modified_gmt":"2024-08-01T14:09:23","slug":"maisto-produktu-dziovintuvas-the-rapid-food-dryer-stollar-dhs700","status":"publish","type":"product","link":"https:\/\/stollar.eu\/lt\/maisto-dziovintuvai\/maisto-produktu-dziovintuvas-the-rapid-food-dryer-stollar-dhs700\/","title":{"rendered":"Maisto produkt\u0173 d\u017eiovintuvas the Rapid Food Dryer DHS700"},"content":{"rendered":"","protected":false},"excerpt":{"rendered":"<h2>400 W galinga maisto d\u017eiovykl\u0117 su 6 metalin\u0117mis lentynomis<\/h2>\n<div>\n<ul>\n<li>6 metalin\u0117s d\u017eiovinimo lentynos<\/li>\n<li>400 W galingas kaitinimo elementas<\/li>\n<li>Reguliuojama temperat\u016bra 35-70 \u00b0C<\/li>\n<li>Efektyvi kar\u0161to oro cirkuliacijos sistema<\/li>\n<li>Nustatykite 24 valand\u0173 laikmat\u012f<\/li>\n<li>53 dB tylus veikimas<\/li>\n<li>Automatinis i\u0161jungimas<\/li>\n<li>3 met\u0173 produkto garantija<\/li>\n<\/ul>\n<\/div>\n","protected":false},"featured_media":19743,"template":"","meta":{"_acf_changed":false},"product_brand":[],"product_cat":[426],"product_tag":[],"class_list":{"0":"post-19720","1":"product","2":"type-product","3":"status-publish","4":"has-post-thumbnail","6":"product_cat-maisto-dziovintuvai","8":"first","9":"instock","10":"taxable","11":"shipping-taxable","12":"purchasable","13":"product-type-simple"},"acf":[],"_links":{"self":[{"href":"https:\/\/stollar.eu\/lt\/wp-json\/wp\/v2\/product\/19720","targetHints":{"allow":["GET"]}}],"collection":[{"href":"https:\/\/stollar.eu\/lt\/wp-json\/wp\/v2\/product"}],"about":[{"href":"https:\/\/stollar.eu\/lt\/wp-json\/wp\/v2\/types\/product"}],"version-history":[{"count":0,"href":"https:\/\/stollar.eu\/lt\/wp-json\/wp\/v2\/product\/19720\/revisions"}],"wp:featuredmedia":[{"embeddable":true,"href":"https:\/\/stollar.eu\/lt\/wp-json\/wp\/v2\/media\/19743"}],"wp:attachment":[{"href":"https:\/\/stollar.eu\/lt\/wp-json\/wp\/v2\/media?parent=19720"}],"wp:term":[{"taxonomy":"product_brand","embeddable":true,"href":"https:\/\/stollar.eu\/lt\/wp-json\/wp\/v2\/product_brand?post=19720"},{"taxonomy":"product_cat","embeddable":true,"href":"https:\/\/stollar.eu\/lt\/wp-json\/wp\/v2\/product_cat?post=19720"},{"taxonomy":"product_tag","embeddable":true,"href":"https:\/\/stollar.eu\/lt\/wp-json\/wp\/v2\/product_tag?post=19720"}],"curies":[{"name":"wp","href":"https:\/\/api.w.org\/{rel}","templated":true}]}}