{"id":19697,"date":"2023-06-01T00:00:00","date_gmt":"2023-05-31T22:00:00","guid":{"rendered":"https:\/\/stollar.eu\/be-kategorijos\/activelife-maisytuvas-snb600\/"},"modified":"2025-03-11T17:33:55","modified_gmt":"2025-03-11T15:33:55","slug":"activelife-maisytuvas-snb600","status":"publish","type":"product","link":"https:\/\/stollar.eu\/lt\/plaktuvai\/activelife-maisytuvas-snb600\/","title":{"rendered":"the ActiveLife mai\u0161ytuvas SNB600"},"content":{"rendered":"","protected":false},"excerpt":{"rendered":"<h2>Galingas 1000 W be BPA mai\u0161ytuvas su smulkinimo \u0105so\u010diu.<\/h2>\n<div>\n<ul>\n<li>Galingas 1000 W variklis<\/li>\n<li>Na\u0161umas 23 000 aps\/min<\/li>\n<li>Ner\u016bdijan\u010dio plieno korpusas<\/li>\n<li>Kry\u017eminis peilis mai\u0161ymui, plok\u0161\u010dias peilis smulkinimui<\/li>\n<li>Patvarus BPA neturintis Tritan\u00ae mai\u0161ymo (1 l) ir smulkinimo \u0105sotis (0,45 l), galima plauti indaplov\u0117je.<\/li>\n<li>Atlenkiamas dangtis ir 2 laikymo dang\u010diai<\/li>\n<li>3 met\u0173 produkto garantija<\/li>\n<\/ul>\n<\/div>\n","protected":false},"featured_media":19703,"template":"","meta":{"_acf_changed":false},"product_brand":[],"product_cat":[405],"product_tag":[],"class_list":{"0":"post-19697","1":"product","2":"type-product","3":"status-publish","4":"has-post-thumbnail","6":"product_cat-plaktuvai","8":"first","9":"instock","10":"taxable","11":"shipping-taxable","12":"purchasable","13":"product-type-simple"},"acf":[],"_links":{"self":[{"href":"https:\/\/stollar.eu\/lt\/wp-json\/wp\/v2\/product\/19697","targetHints":{"allow":["GET"]}}],"collection":[{"href":"https:\/\/stollar.eu\/lt\/wp-json\/wp\/v2\/product"}],"about":[{"href":"https:\/\/stollar.eu\/lt\/wp-json\/wp\/v2\/types\/product"}],"version-history":[{"count":0,"href":"https:\/\/stollar.eu\/lt\/wp-json\/wp\/v2\/product\/19697\/revisions"}],"wp:featuredmedia":[{"embeddable":true,"href":"https:\/\/stollar.eu\/lt\/wp-json\/wp\/v2\/media\/19703"}],"wp:attachment":[{"href":"https:\/\/stollar.eu\/lt\/wp-json\/wp\/v2\/media?parent=19697"}],"wp:term":[{"taxonomy":"product_brand","embeddable":true,"href":"https:\/\/stollar.eu\/lt\/wp-json\/wp\/v2\/product_brand?post=19697"},{"taxonomy":"product_cat","embeddable":true,"href":"https:\/\/stollar.eu\/lt\/wp-json\/wp\/v2\/product_cat?post=19697"},{"taxonomy":"product_tag","embeddable":true,"href":"https:\/\/stollar.eu\/lt\/wp-json\/wp\/v2\/product_tag?post=19697"}],"curies":[{"name":"wp","href":"https:\/\/api.w.org\/{rel}","templated":true}]}}