{"id":19669,"date":"2023-06-01T00:00:00","date_gmt":"2023-05-31T22:00:00","guid":{"rendered":"https:\/\/stollar.eu\/be-kategorijos\/comfort-virdulys-tks740\/"},"modified":"2024-08-01T16:09:31","modified_gmt":"2024-08-01T14:09:31","slug":"the-comfort-kettle-virdulys-tks740","status":"publish","type":"product","link":"https:\/\/stollar.eu\/lt\/virduliai\/the-comfort-kettle-virdulys-tks740\/","title":{"rendered":"the Comfort Kettle virdulys TKS740"},"content":{"rendered":"","protected":false},"excerpt":{"rendered":"<h2>1,7 litro stiklinis virdulys su plaunamu kalki\u0173 nuos\u0117d\u0173 filtru.<\/h2>\n<div>\n<ul>\n<li>2200 W galia, kad greitai \u012fkaist\u0173<\/li>\n<li>1,7 litro talpos virdulys<\/li>\n<li>360\u00b0 pasukamas pagrindas<\/li>\n<li>Saugos funkcija: automatinis i\u0161sijungimas<\/li>\n<li>M\u0117lynas LED \u0161ildymo indikatorius<\/li>\n<li>Lengvai atidaromas dangtis<\/li>\n<li>Plaunamas kalki\u0173 \u0161alinimo filtras<\/li>\n<li>Skaidraus stiklo arbatinukas<\/li>\n<li>Pasl\u0117ptas kaitinimo elementas<\/li>\n<li>2 met\u0173 produkto garantija<\/li>\n<\/ul>\n<\/div>\n","protected":false},"featured_media":19678,"template":"","meta":{"_acf_changed":false},"product_brand":[],"product_cat":[419],"product_tag":[],"class_list":{"0":"post-19669","1":"product","2":"type-product","3":"status-publish","4":"has-post-thumbnail","6":"product_cat-virduliai","8":"first","9":"instock","10":"taxable","11":"shipping-taxable","12":"purchasable","13":"product-type-simple"},"acf":[],"_links":{"self":[{"href":"https:\/\/stollar.eu\/lt\/wp-json\/wp\/v2\/product\/19669","targetHints":{"allow":["GET"]}}],"collection":[{"href":"https:\/\/stollar.eu\/lt\/wp-json\/wp\/v2\/product"}],"about":[{"href":"https:\/\/stollar.eu\/lt\/wp-json\/wp\/v2\/types\/product"}],"version-history":[{"count":0,"href":"https:\/\/stollar.eu\/lt\/wp-json\/wp\/v2\/product\/19669\/revisions"}],"wp:featuredmedia":[{"embeddable":true,"href":"https:\/\/stollar.eu\/lt\/wp-json\/wp\/v2\/media\/19678"}],"wp:attachment":[{"href":"https:\/\/stollar.eu\/lt\/wp-json\/wp\/v2\/media?parent=19669"}],"wp:term":[{"taxonomy":"product_brand","embeddable":true,"href":"https:\/\/stollar.eu\/lt\/wp-json\/wp\/v2\/product_brand?post=19669"},{"taxonomy":"product_cat","embeddable":true,"href":"https:\/\/stollar.eu\/lt\/wp-json\/wp\/v2\/product_cat?post=19669"},{"taxonomy":"product_tag","embeddable":true,"href":"https:\/\/stollar.eu\/lt\/wp-json\/wp\/v2\/product_tag?post=19669"}],"curies":[{"name":"wp","href":"https:\/\/api.w.org\/{rel}","templated":true}]}}