{"id":19650,"date":"2023-06-01T00:00:00","date_gmt":"2023-05-31T22:00:00","guid":{"rendered":"https:\/\/stollar.eu\/be-kategorijos\/slim-cafe-espreso-kavos-aparatas-sem750\/"},"modified":"2024-08-01T16:09:32","modified_gmt":"2024-08-01T14:09:32","slug":"slim-cafe-espreso-kavos-aparatas-sem750","status":"publish","type":"product","link":"https:\/\/stollar.eu\/lt\/kavos-prietaisai\/slim-cafe-espreso-kavos-aparatas-sem750\/","title":{"rendered":"the Slim Caf\u00e9 espreso kavos aparatas SEM750"},"content":{"rendered":"","protected":false},"excerpt":{"rendered":"<h3>Itin kompakti\u0161kas visi\u0161kai automatinis espreso kavos aparatas.<\/h3>\n<div>\n<ul>\n<li>Visi\u0161kai automatinis espreso kavos aparatas.<\/li>\n<li>Ypa\u010d ma\u017eas dydis.<\/li>\n<li>Modernus dizainas.<\/li>\n<li>Itin kompakti\u0161kas dizainas<\/li>\n<li>1400 W termobloko \u0161ildymo sistema<\/li>\n<li>Galingas 19 bar\u0173 siurblys<\/li>\n<li>1,2 litro talpos vandens bakelis<\/li>\n<li>150 g kavos pupeli\u0173 indelis<\/li>\n<li>Jutiklinis valdymo skydelis<\/li>\n<li>Ner\u016bdijan\u010dio plieno mal\u016bn\u0117lis su 5 \u0161lifavimo pakopomis<\/li>\n<li>Kar\u0161to vandens funkcija<\/li>\n<li>2 met\u0173 produkto garantija<\/li>\n<\/ul>\n<\/div>\n","protected":false},"featured_media":19656,"template":"","meta":{"_acf_changed":false},"product_brand":[],"product_cat":[236],"product_tag":[237],"class_list":{"0":"post-19650","1":"product","2":"type-product","3":"status-publish","4":"has-post-thumbnail","6":"product_cat-kavos-prietaisai","7":"product_tag-slim-cafe-lt","9":"first","10":"instock","11":"taxable","12":"shipping-taxable","13":"purchasable","14":"product-type-simple"},"acf":[],"_links":{"self":[{"href":"https:\/\/stollar.eu\/lt\/wp-json\/wp\/v2\/product\/19650","targetHints":{"allow":["GET"]}}],"collection":[{"href":"https:\/\/stollar.eu\/lt\/wp-json\/wp\/v2\/product"}],"about":[{"href":"https:\/\/stollar.eu\/lt\/wp-json\/wp\/v2\/types\/product"}],"version-history":[{"count":0,"href":"https:\/\/stollar.eu\/lt\/wp-json\/wp\/v2\/product\/19650\/revisions"}],"wp:featuredmedia":[{"embeddable":true,"href":"https:\/\/stollar.eu\/lt\/wp-json\/wp\/v2\/media\/19656"}],"wp:attachment":[{"href":"https:\/\/stollar.eu\/lt\/wp-json\/wp\/v2\/media?parent=19650"}],"wp:term":[{"taxonomy":"product_brand","embeddable":true,"href":"https:\/\/stollar.eu\/lt\/wp-json\/wp\/v2\/product_brand?post=19650"},{"taxonomy":"product_cat","embeddable":true,"href":"https:\/\/stollar.eu\/lt\/wp-json\/wp\/v2\/product_cat?post=19650"},{"taxonomy":"product_tag","embeddable":true,"href":"https:\/\/stollar.eu\/lt\/wp-json\/wp\/v2\/product_tag?post=19650"}],"curies":[{"name":"wp","href":"https:\/\/api.w.org\/{rel}","templated":true}]}}