{"id":19648,"date":"2023-06-01T00:00:00","date_gmt":"2023-05-31T22:00:00","guid":{"rendered":"https:\/\/stollar.eu\/be-kategorijos\/drip-cafe-kavos-aparatas-ska750\/"},"modified":"2024-08-01T16:09:32","modified_gmt":"2024-08-01T14:09:32","slug":"drip-cafe-kavos-aparatas-ska750","status":"publish","type":"product","link":"https:\/\/stollar.eu\/lt\/kavos-prietaisai\/drip-cafe-kavos-aparatas-ska750\/","title":{"rendered":"the Drip Caf\u00e9 kavos aparatas SKA750"},"content":{"rendered":"","protected":false},"excerpt":{"rendered":"<h2>1,25 litro talpos kavos aparatas su tikslia 92-96 \u00b0C virimo temperat\u016bra.<\/h2>\n<div>\n<ul>\n<li>Galinga 1800 W \u0161ildymo sistema<\/li>\n<li>1,25 l vandens bakelis, kad b\u016bt\u0173 galima lengvai steb\u0117ti vandens lyg\u012f<\/li>\n<li>1,25 litro talpos stiklin\u0117 karafa<\/li>\n<li>U\u017epildymo vo\u017etuvas<\/li>\n<li>NTC jutiklis, u\u017etikrinantis tiksli\u0105 kepimo temperat\u016bros kontrol\u0119<\/li>\n<li>&#8222;Keep warm&#8221; funkcija<\/li>\n<li>Automatinis i\u0161sijungimas pra\u0117jus 40 minu\u010di\u0173 po gaminimo<\/li>\n<li>Apsauga nuo perkaitimo<\/li>\n<li>Lengva prieiga prie filtro<\/li>\n<li>Nuo i\u0161degimo apsaugotas kaitinimo pavir\u0161ius<\/li>\n<li>Ner\u016bdijan\u010dio plieno dizainas<\/li>\n<li>Maitinimo klavi\u0161as su LED indikatoriumi<\/li>\n<li>2 met\u0173 produkto garantija<\/li>\n<\/ul>\n<\/div>\n","protected":false},"featured_media":19655,"template":"","meta":{"_acf_changed":false},"product_brand":[],"product_cat":[236],"product_tag":[],"class_list":{"0":"post-19648","1":"product","2":"type-product","3":"status-publish","4":"has-post-thumbnail","6":"product_cat-kavos-prietaisai","8":"first","9":"instock","10":"taxable","11":"shipping-taxable","12":"purchasable","13":"product-type-simple"},"acf":[],"_links":{"self":[{"href":"https:\/\/stollar.eu\/lt\/wp-json\/wp\/v2\/product\/19648","targetHints":{"allow":["GET"]}}],"collection":[{"href":"https:\/\/stollar.eu\/lt\/wp-json\/wp\/v2\/product"}],"about":[{"href":"https:\/\/stollar.eu\/lt\/wp-json\/wp\/v2\/types\/product"}],"version-history":[{"count":0,"href":"https:\/\/stollar.eu\/lt\/wp-json\/wp\/v2\/product\/19648\/revisions"}],"wp:featuredmedia":[{"embeddable":true,"href":"https:\/\/stollar.eu\/lt\/wp-json\/wp\/v2\/media\/19655"}],"wp:attachment":[{"href":"https:\/\/stollar.eu\/lt\/wp-json\/wp\/v2\/media?parent=19648"}],"wp:term":[{"taxonomy":"product_brand","embeddable":true,"href":"https:\/\/stollar.eu\/lt\/wp-json\/wp\/v2\/product_brand?post=19648"},{"taxonomy":"product_cat","embeddable":true,"href":"https:\/\/stollar.eu\/lt\/wp-json\/wp\/v2\/product_cat?post=19648"},{"taxonomy":"product_tag","embeddable":true,"href":"https:\/\/stollar.eu\/lt\/wp-json\/wp\/v2\/product_tag?post=19648"}],"curies":[{"name":"wp","href":"https:\/\/api.w.org\/{rel}","templated":true}]}}