{"id":19615,"date":"2023-06-01T00:00:00","date_gmt":"2023-05-31T22:00:00","guid":{"rendered":"https:\/\/stollar.eu\/be-kategorijos\/kavos-malunelis-skd600\/"},"modified":"2024-08-01T16:09:32","modified_gmt":"2024-08-01T14:09:32","slug":"kavos-malunelis-skd600","status":"publish","type":"product","link":"https:\/\/stollar.eu\/lt\/kavos-prietaisai\/kavos-malunelis-skd600\/","title":{"rendered":"kavos mal\u016bn\u0117lis SKD600"},"content":{"rendered":"","protected":false},"excerpt":{"rendered":"<h2>Tvirtas ner\u016bdijan\u010diojo plieno mal\u016bn\u0117lis su permatomu dangteliu.<\/h2>\n<div>\n<ul>\n<li>Galingas 200 W variklis<\/li>\n<li>Talpa 80 g talpykl\u0117<\/li>\n<li>Ner\u016bdijan\u010dio plieno a\u0161menys<\/li>\n<li>Skaidrus dangtelis<\/li>\n<li>Saugos u\u017erakto jungiklis<\/li>\n<li>3 met\u0173 produkto garantija<\/li>\n<\/ul>\n<\/div>\n","protected":false},"featured_media":19628,"template":"","meta":{"_acf_changed":false},"product_brand":[],"product_cat":[236],"product_tag":[],"class_list":{"0":"post-19615","1":"product","2":"type-product","3":"status-publish","4":"has-post-thumbnail","6":"product_cat-kavos-prietaisai","8":"first","9":"instock","10":"taxable","11":"shipping-taxable","12":"purchasable","13":"product-type-simple"},"acf":[],"_links":{"self":[{"href":"https:\/\/stollar.eu\/lt\/wp-json\/wp\/v2\/product\/19615","targetHints":{"allow":["GET"]}}],"collection":[{"href":"https:\/\/stollar.eu\/lt\/wp-json\/wp\/v2\/product"}],"about":[{"href":"https:\/\/stollar.eu\/lt\/wp-json\/wp\/v2\/types\/product"}],"version-history":[{"count":0,"href":"https:\/\/stollar.eu\/lt\/wp-json\/wp\/v2\/product\/19615\/revisions"}],"wp:featuredmedia":[{"embeddable":true,"href":"https:\/\/stollar.eu\/lt\/wp-json\/wp\/v2\/media\/19628"}],"wp:attachment":[{"href":"https:\/\/stollar.eu\/lt\/wp-json\/wp\/v2\/media?parent=19615"}],"wp:term":[{"taxonomy":"product_brand","embeddable":true,"href":"https:\/\/stollar.eu\/lt\/wp-json\/wp\/v2\/product_brand?post=19615"},{"taxonomy":"product_cat","embeddable":true,"href":"https:\/\/stollar.eu\/lt\/wp-json\/wp\/v2\/product_cat?post=19615"},{"taxonomy":"product_tag","embeddable":true,"href":"https:\/\/stollar.eu\/lt\/wp-json\/wp\/v2\/product_tag?post=19615"}],"curies":[{"name":"wp","href":"https:\/\/api.w.org\/{rel}","templated":true}]}}