{"id":19602,"date":"2023-06-01T00:00:00","date_gmt":"2023-05-31T22:00:00","guid":{"rendered":"https:\/\/stollar.eu\/be-kategorijos\/blend-grind-maisytuvas-stb570\/"},"modified":"2024-08-01T16:09:33","modified_gmt":"2024-08-01T14:09:33","slug":"blend-grind-maisytuvas-stb570","status":"publish","type":"product","link":"https:\/\/stollar.eu\/lt\/plaktuvai\/blend-grind-maisytuvas-stb570\/","title":{"rendered":"the Blend &amp; Grind mai\u0161ytuvas STB570"},"content":{"rendered":"","protected":false},"excerpt":{"rendered":"<h3>Galingas 1000 W reguliuojamo grei\u010dio mai\u0161ytuvas su ner\u016bdijan\u010diojo plieno smulkinimo \u0105so\u010diu.<\/h3>\n<div>\n<ul>\n<li>Galingas 1000 W variklis<\/li>\n<li>20000 apsisukim\u0173 per minut\u0119<\/li>\n<li>1,5 litro talpos stiklinis \u0105sotis<\/li>\n<li>Ner\u016bdijan\u010dio plieno smulkinimo \u0105sotis<\/li>\n<li>Kintamo grei\u010dio valdymas<\/li>\n<li>Ner\u016bdijan\u010dio plieno korpusas<\/li>\n<li>Pulso, ledo smulkinimo ir kokteili\u0173 parinkimo mygtukai.<\/li>\n<li>Apsauga nuo variklio perkaitimo ir saugos blokavimo sistema<\/li>\n<li>2 met\u0173 produkto garantija<\/li>\n<\/ul>\n<\/div>\n","protected":false},"featured_media":19609,"template":"","meta":{"_acf_changed":false},"product_brand":[],"product_cat":[405],"product_tag":[],"class_list":{"0":"post-19602","1":"product","2":"type-product","3":"status-publish","4":"has-post-thumbnail","6":"product_cat-plaktuvai","8":"first","9":"instock","10":"featured","11":"taxable","12":"shipping-taxable","13":"purchasable","14":"product-type-simple"},"acf":[],"_links":{"self":[{"href":"https:\/\/stollar.eu\/lt\/wp-json\/wp\/v2\/product\/19602","targetHints":{"allow":["GET"]}}],"collection":[{"href":"https:\/\/stollar.eu\/lt\/wp-json\/wp\/v2\/product"}],"about":[{"href":"https:\/\/stollar.eu\/lt\/wp-json\/wp\/v2\/types\/product"}],"version-history":[{"count":0,"href":"https:\/\/stollar.eu\/lt\/wp-json\/wp\/v2\/product\/19602\/revisions"}],"wp:featuredmedia":[{"embeddable":true,"href":"https:\/\/stollar.eu\/lt\/wp-json\/wp\/v2\/media\/19609"}],"wp:attachment":[{"href":"https:\/\/stollar.eu\/lt\/wp-json\/wp\/v2\/media?parent=19602"}],"wp:term":[{"taxonomy":"product_brand","embeddable":true,"href":"https:\/\/stollar.eu\/lt\/wp-json\/wp\/v2\/product_brand?post=19602"},{"taxonomy":"product_cat","embeddable":true,"href":"https:\/\/stollar.eu\/lt\/wp-json\/wp\/v2\/product_cat?post=19602"},{"taxonomy":"product_tag","embeddable":true,"href":"https:\/\/stollar.eu\/lt\/wp-json\/wp\/v2\/product_tag?post=19602"}],"curies":[{"name":"wp","href":"https:\/\/api.w.org\/{rel}","templated":true}]}}