{"id":19578,"date":"2023-06-01T00:00:00","date_gmt":"2023-05-31T22:00:00","guid":{"rendered":"https:\/\/stollar.eu\/be-kategorijos\/blend-crush-maisytuvas-stb550\/"},"modified":"2024-08-01T16:09:33","modified_gmt":"2024-08-01T14:09:33","slug":"blend-crush-maisytuvas-stb550","status":"publish","type":"product","link":"https:\/\/stollar.eu\/lt\/plaktuvai\/blend-crush-maisytuvas-stb550\/","title":{"rendered":"the Blend &amp; Crush mai\u0161ytuvas STB550"},"content":{"rendered":"","protected":false},"excerpt":{"rendered":"<h2>Galingas 1000 W mai\u0161ytuvas su kintamo grei\u010dio valdymu.<\/h2>\n<div>\n<ul>\n<li>Galingas 1000 W variklis<\/li>\n<li>20000 apsisukim\u0173 per minut\u0119<\/li>\n<li>1,5 litro talpos stiklinis \u0105sotis<\/li>\n<li>Kintamo grei\u010dio valdymas<\/li>\n<li>Ner\u016bdijan\u010dio plieno korpusas<\/li>\n<li>Pulso, ledo \u0161auk\u0161telio ir kokteili\u0173 mygtukai.<\/li>\n<li>Apsauga nuo variklio perkaitimo ir saugos blokavimo sistema<\/li>\n<li>2 met\u0173 produkto garantija<\/li>\n<\/ul>\n<\/div>\n","protected":false},"featured_media":19593,"template":"","meta":{"_acf_changed":false},"product_brand":[],"product_cat":[405],"product_tag":[],"class_list":{"0":"post-19578","1":"product","2":"type-product","3":"status-publish","4":"has-post-thumbnail","6":"product_cat-plaktuvai","8":"first","9":"instock","10":"taxable","11":"shipping-taxable","12":"purchasable","13":"product-type-simple"},"acf":[],"_links":{"self":[{"href":"https:\/\/stollar.eu\/lt\/wp-json\/wp\/v2\/product\/19578","targetHints":{"allow":["GET"]}}],"collection":[{"href":"https:\/\/stollar.eu\/lt\/wp-json\/wp\/v2\/product"}],"about":[{"href":"https:\/\/stollar.eu\/lt\/wp-json\/wp\/v2\/types\/product"}],"version-history":[{"count":0,"href":"https:\/\/stollar.eu\/lt\/wp-json\/wp\/v2\/product\/19578\/revisions"}],"wp:featuredmedia":[{"embeddable":true,"href":"https:\/\/stollar.eu\/lt\/wp-json\/wp\/v2\/media\/19593"}],"wp:attachment":[{"href":"https:\/\/stollar.eu\/lt\/wp-json\/wp\/v2\/media?parent=19578"}],"wp:term":[{"taxonomy":"product_brand","embeddable":true,"href":"https:\/\/stollar.eu\/lt\/wp-json\/wp\/v2\/product_brand?post=19578"},{"taxonomy":"product_cat","embeddable":true,"href":"https:\/\/stollar.eu\/lt\/wp-json\/wp\/v2\/product_cat?post=19578"},{"taxonomy":"product_tag","embeddable":true,"href":"https:\/\/stollar.eu\/lt\/wp-json\/wp\/v2\/product_tag?post=19578"}],"curies":[{"name":"wp","href":"https:\/\/api.w.org\/{rel}","templated":true}]}}