{"id":18752,"date":"2020-10-13T06:47:01","date_gmt":"2020-10-13T04:47:01","guid":{"rendered":"https:\/\/stollar.eu\/susisiekite-su\/"},"modified":"2024-07-31T16:40:09","modified_gmt":"2024-07-31T14:40:09","slug":"kontaktai","status":"publish","type":"page","link":"https:\/\/stollar.eu\/lt\/kontaktai\/","title":{"rendered":"Kontaktai"},"content":{"rendered":"\n<p>SIA &#8222;B.T.U. COMPANY&#8221;<br\/>PVM s\u0105skaitos fakt\u016bros Nr. LV50003873791<br\/>Ryga, D\u0101rzaug\u013cu iela 1 &#8211; 207, LV-1012<\/p>\n\n<p><a href=\"https:\/\/stollar.eu\/lt\/\">https:\/\/stollar.eu\/<\/a><br\/><a href=\"mailto:stollar@btu.lv\">stollar@btu.lv<\/a><br\/><a href=\"tel:+37167790720\" data-type=\"tel\" data-id=\"tel:+37167790720\">+371 67790720<\/a><\/p>\n","protected":false},"excerpt":{"rendered":"<p>SIA &#8222;B.T.U. COMPANY&#8221;PVM s\u0105skaitos fakt\u016bros Nr. LV50003873791Ryga, D\u0101rzaug\u013cu iela 1 &#8211; 207, LV-1012 https:\/\/stollar.eu\/stollar@btu.lv+371 67790720<\/p>\n","protected":false},"author":1,"featured_media":0,"parent":0,"menu_order":0,"comment_status":"closed","ping_status":"closed","template":"","meta":{"_acf_changed":false,"footnotes":""},"class_list":["post-18752","page","type-page","status-publish","hentry"],"blocksy_meta":[],"acf":[],"_links":{"self":[{"href":"https:\/\/stollar.eu\/lt\/wp-json\/wp\/v2\/pages\/18752","targetHints":{"allow":["GET"]}}],"collection":[{"href":"https:\/\/stollar.eu\/lt\/wp-json\/wp\/v2\/pages"}],"about":[{"href":"https:\/\/stollar.eu\/lt\/wp-json\/wp\/v2\/types\/page"}],"author":[{"embeddable":true,"href":"https:\/\/stollar.eu\/lt\/wp-json\/wp\/v2\/users\/1"}],"replies":[{"embeddable":true,"href":"https:\/\/stollar.eu\/lt\/wp-json\/wp\/v2\/comments?post=18752"}],"version-history":[{"count":0,"href":"https:\/\/stollar.eu\/lt\/wp-json\/wp\/v2\/pages\/18752\/revisions"}],"wp:attachment":[{"href":"https:\/\/stollar.eu\/lt\/wp-json\/wp\/v2\/media?parent=18752"}],"curies":[{"name":"wp","href":"https:\/\/api.w.org\/{rel}","templated":true}]}}