{"id":18741,"date":"2023-06-05T12:29:56","date_gmt":"2023-06-05T10:29:56","guid":{"rendered":"https:\/\/stollar.eu\/apie-stollar\/"},"modified":"2025-07-24T17:55:14","modified_gmt":"2025-07-24T15:55:14","slug":"apie-stollar","status":"publish","type":"page","link":"https:\/\/stollar.eu\/lt\/apie-stollar\/","title":{"rendered":"Apie Stollar"},"content":{"rendered":"\n<p>Brang\u016bs draugai!<\/p>\n\n<p>Visi &#8222;Stollar&#8221; prietaisai sukurti tam, kad j\u016bs\u0173 gyvenimas b\u016bt\u0173 lengvesnis, o virtuv\u0117 &#8211; gra\u017eesn\u0117! \u012ekv\u0117pti nauj\u0173 gastronomini\u0173 atradim\u0173!<\/p>\n\n<p>&#8222;Stollar&#8221; svarbiausia &#8211; rezultatai, kuriuos pasieksite naudodami m\u016bs\u0173 metodus!<\/p>\n\n<p>Puikus kavos puodelis, kvapni arbata, tra\u0161ki kepta vi\u0161tiena vakarienei. Ir dar daugiau!<\/p>\n\n<p>Linkime daug maloni\u0173 akimirk\u0173 su &#8222;Stollar&#8221;.<\/p>\n","protected":false},"excerpt":{"rendered":"<p>Brang\u016bs draugai! Visi &#8222;Stollar&#8221; prietaisai sukurti tam, kad j\u016bs\u0173 gyvenimas b\u016bt\u0173 lengvesnis, o virtuv\u0117 &#8211; gra\u017eesn\u0117! \u012ekv\u0117pti nauj\u0173 gastronomini\u0173 atradim\u0173! &#8222;Stollar&#8221; svarbiausia &#8211; rezultatai, kuriuos pasieksite naudodami m\u016bs\u0173 metodus! Puikus kavos puodelis, kvapni arbata, tra\u0161ki kepta vi\u0161tiena vakarienei. Ir dar daugiau! Linkime daug maloni\u0173 akimirk\u0173 su &#8222;Stollar&#8221;.<\/p>\n","protected":false},"author":1,"featured_media":0,"parent":0,"menu_order":0,"comment_status":"closed","ping_status":"closed","template":"","meta":{"_acf_changed":false,"footnotes":""},"class_list":["post-18741","page","type-page","status-publish","hentry"],"blocksy_meta":[],"acf":[],"_links":{"self":[{"href":"https:\/\/stollar.eu\/lt\/wp-json\/wp\/v2\/pages\/18741","targetHints":{"allow":["GET"]}}],"collection":[{"href":"https:\/\/stollar.eu\/lt\/wp-json\/wp\/v2\/pages"}],"about":[{"href":"https:\/\/stollar.eu\/lt\/wp-json\/wp\/v2\/types\/page"}],"author":[{"embeddable":true,"href":"https:\/\/stollar.eu\/lt\/wp-json\/wp\/v2\/users\/1"}],"replies":[{"embeddable":true,"href":"https:\/\/stollar.eu\/lt\/wp-json\/wp\/v2\/comments?post=18741"}],"version-history":[{"count":0,"href":"https:\/\/stollar.eu\/lt\/wp-json\/wp\/v2\/pages\/18741\/revisions"}],"wp:attachment":[{"href":"https:\/\/stollar.eu\/lt\/wp-json\/wp\/v2\/media?parent=18741"}],"curies":[{"name":"wp","href":"https:\/\/api.w.org\/{rel}","templated":true}]}}