{"id":27517,"date":"2026-02-11T18:44:29","date_gmt":"2026-02-11T16:44:29","guid":{"rendered":"https:\/\/stollar.eu\/maaratlemata\/ohkfritter-the-dual-smart-air-fry-air812\/"},"modified":"2026-02-11T18:44:29","modified_gmt":"2026-02-11T16:44:29","slug":"ohkfritter-the-dual-smart-air-fry-air812","status":"publish","type":"product","link":"https:\/\/stollar.eu\/et\/kuumaohufrituurid\/ohkfritter-the-dual-smart-air-fry-air812\/","title":{"rendered":"\u00d5hkfritter the Dual Smart Air Fry AIR812"},"content":{"rendered":"","protected":false},"excerpt":{"rendered":"<h2 class=\"font-claude-response-body break-words whitespace-normal leading-[1.7]\">Kuuma\u00f5hufrit\u00fc\u00fcr kahe 6-liitrise korviga, mugava puutetundliku ekraaniga ning s\u00fcnkroonse l\u00f5petamise funktsiooniga. Varustatud Dual Smart Air Fry kuuma \u00f5hu ringluse s\u00fcsteemiga, v\u00f5imaldab see frit\u00fc\u00fcr praadida, grillida, k\u00fcpsetada ja soojendada terve pere tervislikke, rasvavabu roogasid ning kaks eraldi korvi v\u00f5imaldavad korraga valmistada kahte erinevat rooga. Kasutage SYNC funktsiooni, et l\u00f5petada k\u00fcpsetamine samaaegselt.<\/h2>\n<ul class=\"[li_&amp;]:mb-0 [li_&amp;]:mt-1 [li_&amp;]:gap-1 [&amp;:not(:last-child)_ul]:pb-1 [&amp;:not(:last-child)_ol]:pb-1 list-disc flex flex-col gap-1 pl-8 mb-3\">\n<li class=\"whitespace-normal break-words pl-2\">Informatiseeritud LED-ekraan puutetundlike juhtnuppudega<\/li>\n<li class=\"whitespace-normal break-words pl-2\">10 automaatselt seadistatavat programmi<\/li>\n<li class=\"whitespace-normal break-words pl-2\">Kaks 6-liitrist mittenakkuva kattega korvi koos aluse ja eemaldatava restiga<\/li>\n<li class=\"whitespace-normal break-words pl-2\">Temperatuur 40\u2013230 \u00b0C<\/li>\n<li class=\"whitespace-normal break-words pl-2\">Taimer kuni 8 tunniks<\/li>\n<li class=\"whitespace-normal break-words pl-2\">Kiire kuuma \u00f5hu ringluse s\u00fcsteem<\/li>\n<li class=\"whitespace-normal break-words pl-2\">SYNC funktsioon valmistamise l\u00f5petamiseks m\u00f5lemas korvis samaaegselt<\/li>\n<li class=\"whitespace-normal break-words pl-2\">Toidu deh\u00fcdratsiooniprogramm<\/li>\n<li class=\"whitespace-normal break-words pl-2\">Korpus k\u00fclma puutetundliku kehaga<\/li>\n<li class=\"whitespace-normal break-words pl-2\">Suur v\u00f5imsus 2800 W<\/li>\n<li class=\"whitespace-normal break-words pl-2\">2-aastane tootegarantii<\/li>\n<\/ul>\n","protected":false},"featured_media":27499,"template":"","meta":{"_acf_changed":false},"product_brand":[],"product_cat":[432],"product_tag":[],"class_list":{"0":"post-27517","1":"product","2":"type-product","3":"status-publish","4":"has-post-thumbnail","6":"product_cat-kuumaohufrituurid","8":"first","9":"instock","10":"taxable","11":"shipping-taxable","12":"purchasable","13":"product-type-simple"},"acf":[],"_links":{"self":[{"href":"https:\/\/stollar.eu\/et\/wp-json\/wp\/v2\/product\/27517","targetHints":{"allow":["GET"]}}],"collection":[{"href":"https:\/\/stollar.eu\/et\/wp-json\/wp\/v2\/product"}],"about":[{"href":"https:\/\/stollar.eu\/et\/wp-json\/wp\/v2\/types\/product"}],"version-history":[{"count":0,"href":"https:\/\/stollar.eu\/et\/wp-json\/wp\/v2\/product\/27517\/revisions"}],"wp:featuredmedia":[{"embeddable":true,"href":"https:\/\/stollar.eu\/et\/wp-json\/wp\/v2\/media\/27499"}],"wp:attachment":[{"href":"https:\/\/stollar.eu\/et\/wp-json\/wp\/v2\/media?parent=27517"}],"wp:term":[{"taxonomy":"product_brand","embeddable":true,"href":"https:\/\/stollar.eu\/et\/wp-json\/wp\/v2\/product_brand?post=27517"},{"taxonomy":"product_cat","embeddable":true,"href":"https:\/\/stollar.eu\/et\/wp-json\/wp\/v2\/product_cat?post=27517"},{"taxonomy":"product_tag","embeddable":true,"href":"https:\/\/stollar.eu\/et\/wp-json\/wp\/v2\/product_tag?post=27517"}],"curies":[{"name":"wp","href":"https:\/\/api.w.org\/{rel}","templated":true}]}}