{"id":27474,"date":"2026-01-29T18:23:13","date_gmt":"2026-01-29T16:23:13","guid":{"rendered":"https:\/\/stollar.eu\/maaratlemata\/the-blend-more-kannmikser-stb820\/"},"modified":"2026-01-29T18:23:13","modified_gmt":"2026-01-29T16:23:13","slug":"the-blend-more-kannmikser-stb820","status":"publish","type":"product","link":"https:\/\/stollar.eu\/et\/blenderid\/the-blend-more-kannmikser-stb820\/","title":{"rendered":"the Blend &amp; More kannmikser STB820"},"content":{"rendered":"","protected":false},"excerpt":{"rendered":"<h2 class=\"font-claude-response-body break-words whitespace-normal leading-[1.7]\">V\u00f5imas 1500W muutuva kiirusega kannmikser 0,6 l reisiblenderi tassiga ja mitmek\u00fclgse t\u00f6\u00f6tlemisanumaga.<\/h2>\n<ul class=\"[li_&amp;]:mb-0 [li_&amp;]:mt-1 [li_&amp;]:gap-1 [&amp;:not(:last-child)_ul]:pb-1 [&amp;:not(:last-child)_ol]:pb-1 list-disc flex flex-col gap-1 pl-8 mb-3\">\n<li class=\"whitespace-normal break-words pl-2\">V\u00f5imas 1500 W mootor<\/li>\n<li class=\"whitespace-normal break-words pl-2\">Maksimaalne t\u00f6\u00f6kiirus 21000 RPM<\/li>\n<li class=\"whitespace-normal break-words pl-2\">6 \u00fche nupuvajutusega eelseadistatud programmi \u2013 SMOOTHIE (smuuti), JUICE (mahl), PUREE (p\u00fcree), ICE CREAM (j\u00e4\u00e4tis), ICE &amp; CRUSH (j\u00e4\u00e4 purustamine) ja CLEAN (puhastamine)<\/li>\n<li class=\"whitespace-normal break-words pl-2\">1,75 l blenderi kann<\/li>\n<li class=\"whitespace-normal break-words pl-2\">0,6 l reisiblenderi tass<\/li>\n<li class=\"whitespace-normal break-words pl-2\">Mahukas 1,8 l mitmeotstarbeline t\u00f6\u00f6tlemisanum<\/li>\n<li class=\"whitespace-normal break-words pl-2\">4 roostevabast terasest ketast: viilutamiseks, ribastamiseks, riivimiseks ja friikartulite valmistamiseks<\/li>\n<li class=\"whitespace-normal break-words pl-2\">Tsitrusepress<\/li>\n<li class=\"whitespace-normal break-words pl-2\">Emulgeerimisketas<\/li>\n<li class=\"whitespace-normal break-words pl-2\">Mitmeotstarbeline hakkimisnuga<\/li>\n<li class=\"whitespace-normal break-words pl-2\">Taignas\u00f5tkumisnuga<\/li>\n<li class=\"whitespace-normal break-words pl-2\">\u00dclekuumenemiskaitse<\/li>\n<li class=\"whitespace-normal break-words pl-2\">2-aastane tootegarantii<\/li>\n<\/ul>\n","protected":false},"featured_media":27451,"template":"","meta":{"_acf_changed":false},"product_brand":[],"product_cat":[401],"product_tag":[],"class_list":{"0":"post-27474","1":"product","2":"type-product","3":"status-publish","4":"has-post-thumbnail","6":"product_cat-blenderid","8":"first","9":"instock","10":"taxable","11":"shipping-taxable","12":"purchasable","13":"product-type-simple"},"acf":[],"_links":{"self":[{"href":"https:\/\/stollar.eu\/et\/wp-json\/wp\/v2\/product\/27474","targetHints":{"allow":["GET"]}}],"collection":[{"href":"https:\/\/stollar.eu\/et\/wp-json\/wp\/v2\/product"}],"about":[{"href":"https:\/\/stollar.eu\/et\/wp-json\/wp\/v2\/types\/product"}],"version-history":[{"count":0,"href":"https:\/\/stollar.eu\/et\/wp-json\/wp\/v2\/product\/27474\/revisions"}],"wp:featuredmedia":[{"embeddable":true,"href":"https:\/\/stollar.eu\/et\/wp-json\/wp\/v2\/media\/27451"}],"wp:attachment":[{"href":"https:\/\/stollar.eu\/et\/wp-json\/wp\/v2\/media?parent=27474"}],"wp:term":[{"taxonomy":"product_brand","embeddable":true,"href":"https:\/\/stollar.eu\/et\/wp-json\/wp\/v2\/product_brand?post=27474"},{"taxonomy":"product_cat","embeddable":true,"href":"https:\/\/stollar.eu\/et\/wp-json\/wp\/v2\/product_cat?post=27474"},{"taxonomy":"product_tag","embeddable":true,"href":"https:\/\/stollar.eu\/et\/wp-json\/wp\/v2\/product_tag?post=27474"}],"curies":[{"name":"wp","href":"https:\/\/api.w.org\/{rel}","templated":true}]}}