{"id":27441,"date":"2026-01-29T17:40:57","date_gmt":"2026-01-29T15:40:57","guid":{"rendered":"https:\/\/stollar.eu\/maaratlemata\/the-blendcrush-kannmikser-stb800\/"},"modified":"2026-01-29T17:40:57","modified_gmt":"2026-01-29T15:40:57","slug":"the-blendcrush-kannmikser-stb800","status":"publish","type":"product","link":"https:\/\/stollar.eu\/et\/blenderid\/the-blendcrush-kannmikser-stb800\/","title":{"rendered":"the Blend&amp;Crush kannmikser STB800"},"content":{"rendered":"","protected":false},"excerpt":{"rendered":"<h2 class=\"font-claude-response-body break-words whitespace-normal leading-[1.7]\">V\u00f5imas 1800W muutuva kiirusega kannmikser puuteekraaniga juhtimise ja 1,5-liitrise klaasanumaga.<\/h2>\n<ul class=\"[li_&amp;]:mb-0 [li_&amp;]:mt-1 [li_&amp;]:gap-1 [&amp;:not(:last-child)_ul]:pb-1 [&amp;:not(:last-child)_ol]:pb-1 list-disc flex flex-col gap-1 pl-8 mb-3\">\n<li class=\"whitespace-normal break-words pl-2\">V\u00f5imas 1800 W mootor<\/li>\n<li class=\"whitespace-normal break-words pl-2\">Maksimaalne t\u00f6\u00f6kiirus 21000 RPM<\/li>\n<li class=\"whitespace-normal break-words pl-2\">6 \u00fche nupuvajutusega eelseadistatud programmi \u2013 SMOOTHIE (smuuti), ICE &amp; CRUSH (j\u00e4\u00e4 purustamine), VEG &amp; FRUIT (k\u00f6\u00f6giviljad ja puuviljad), PUREE (p\u00fcree), ICE CREAM (j\u00e4\u00e4tis) ja CLEAN (puhastamine)<\/li>\n<li class=\"whitespace-normal break-words pl-2\">Eemaldatav roostevabast terasest l\u00f5iketera<\/li>\n<li class=\"whitespace-normal break-words pl-2\">Mahukas 1,5-liitrine klaasanum<\/li>\n<li class=\"whitespace-normal break-words pl-2\">Muutuva kiiruse reguleerimine<\/li>\n<li class=\"whitespace-normal break-words pl-2\">Harjatud roostevabast terasest seadme p\u00f5hiosa<\/li>\n<li class=\"whitespace-normal break-words pl-2\">\u00dclekuumenemiskaitse ja ohutuslukk<\/li>\n<li class=\"whitespace-normal break-words pl-2\">2-aastane tootegarantii<\/li>\n<\/ul>\n","protected":false},"featured_media":27434,"template":"","meta":{"_acf_changed":false},"product_brand":[],"product_cat":[401],"product_tag":[],"class_list":{"0":"post-27441","1":"product","2":"type-product","3":"status-publish","4":"has-post-thumbnail","6":"product_cat-blenderid","8":"first","9":"instock","10":"taxable","11":"shipping-taxable","12":"purchasable","13":"product-type-simple"},"acf":[],"_links":{"self":[{"href":"https:\/\/stollar.eu\/et\/wp-json\/wp\/v2\/product\/27441","targetHints":{"allow":["GET"]}}],"collection":[{"href":"https:\/\/stollar.eu\/et\/wp-json\/wp\/v2\/product"}],"about":[{"href":"https:\/\/stollar.eu\/et\/wp-json\/wp\/v2\/types\/product"}],"version-history":[{"count":0,"href":"https:\/\/stollar.eu\/et\/wp-json\/wp\/v2\/product\/27441\/revisions"}],"wp:featuredmedia":[{"embeddable":true,"href":"https:\/\/stollar.eu\/et\/wp-json\/wp\/v2\/media\/27434"}],"wp:attachment":[{"href":"https:\/\/stollar.eu\/et\/wp-json\/wp\/v2\/media?parent=27441"}],"wp:term":[{"taxonomy":"product_brand","embeddable":true,"href":"https:\/\/stollar.eu\/et\/wp-json\/wp\/v2\/product_brand?post=27441"},{"taxonomy":"product_cat","embeddable":true,"href":"https:\/\/stollar.eu\/et\/wp-json\/wp\/v2\/product_cat?post=27441"},{"taxonomy":"product_tag","embeddable":true,"href":"https:\/\/stollar.eu\/et\/wp-json\/wp\/v2\/product_tag?post=27441"}],"curies":[{"name":"wp","href":"https:\/\/api.w.org\/{rel}","templated":true}]}}