{"id":27368,"date":"2026-01-10T18:47:43","date_gmt":"2026-01-10T16:47:43","guid":{"rendered":"https:\/\/stollar.eu\/maaratlemata\/the-power-grind-hakklihamasin-bmg500\/"},"modified":"2026-01-10T18:47:43","modified_gmt":"2026-01-10T16:47:43","slug":"the-power-grind-hakklihamasin-bmg500","status":"publish","type":"product","link":"https:\/\/stollar.eu\/et\/hakklihamasinad\/the-power-grind-hakklihamasin-bmg500\/","title":{"rendered":"the Power Grind hakklihamasin BMG500"},"content":{"rendered":"","protected":false},"excerpt":{"rendered":"<h3>V\u00f5imas 1800 W hakklihamasin 3 jahvatusketta ja kvaliteetse p\u00f6\u00f6rleva toidul\u00f5ikuriga koos traditsiooniliste viilutamise, ribastamise ja riivimise trumlitega k\u00f6\u00f6giviljadele, salatitele, juustudele ja p\u00e4hklitele.<\/h3>\n<ul>\n<li>1800 W tippv\u00f5imsus<\/li>\n<li>Sisse\/v\u00e4lja ja tagurpidik\u00e4igu re\u017eiimi nupud<\/li>\n<li>Roostevabast terasest kettad (peen, keskmine ja j\u00e4me)<\/li>\n<li>H\u00f5lpsalt puhastatav plastkorpus<\/li>\n<li>Libisemiskindlad kummist jalad turvalisemaks kasutamiseks<\/li>\n<li>Suur roostevabast terasest t\u00e4itetoru<\/li>\n<li>Mitmek\u00fclgne vorstitarvik, suurep\u00e4rane viinerivorstide ja Liibanoni vorstide jaoks<\/li>\n<li>P\u00f6\u00f6rlev toidul\u00f5ikur viilutamise, riivimise ja ribastamise trumlitega ja toidul\u00fckkur t\u00e4iendavaks ohutuseks<\/li>\n<li>Termokaitsel\u00fcliti<\/li>\n<li>Tootjagarantii 2 aastat<\/li>\n<\/ul>\n","protected":false},"featured_media":27386,"template":"","meta":{"_acf_changed":false},"product_brand":[],"product_cat":[427],"product_tag":[],"class_list":{"0":"post-27368","1":"product","2":"type-product","3":"status-publish","4":"has-post-thumbnail","6":"product_cat-hakklihamasinad","8":"first","9":"instock","10":"taxable","11":"shipping-taxable","12":"purchasable","13":"product-type-simple"},"acf":[],"_links":{"self":[{"href":"https:\/\/stollar.eu\/et\/wp-json\/wp\/v2\/product\/27368","targetHints":{"allow":["GET"]}}],"collection":[{"href":"https:\/\/stollar.eu\/et\/wp-json\/wp\/v2\/product"}],"about":[{"href":"https:\/\/stollar.eu\/et\/wp-json\/wp\/v2\/types\/product"}],"version-history":[{"count":0,"href":"https:\/\/stollar.eu\/et\/wp-json\/wp\/v2\/product\/27368\/revisions"}],"wp:featuredmedia":[{"embeddable":true,"href":"https:\/\/stollar.eu\/et\/wp-json\/wp\/v2\/media\/27386"}],"wp:attachment":[{"href":"https:\/\/stollar.eu\/et\/wp-json\/wp\/v2\/media?parent=27368"}],"wp:term":[{"taxonomy":"product_brand","embeddable":true,"href":"https:\/\/stollar.eu\/et\/wp-json\/wp\/v2\/product_brand?post=27368"},{"taxonomy":"product_cat","embeddable":true,"href":"https:\/\/stollar.eu\/et\/wp-json\/wp\/v2\/product_cat?post=27368"},{"taxonomy":"product_tag","embeddable":true,"href":"https:\/\/stollar.eu\/et\/wp-json\/wp\/v2\/product_tag?post=27368"}],"curies":[{"name":"wp","href":"https:\/\/api.w.org\/{rel}","templated":true}]}}