{"id":27257,"date":"2025-12-11T13:26:44","date_gmt":"2025-12-11T11:26:44","guid":{"rendered":"https:\/\/stollar.eu\/maaratlemata\/kannmikser-the-active-life-snb800\/"},"modified":"2025-12-11T13:26:44","modified_gmt":"2025-12-11T11:26:44","slug":"kannmikser-the-active-life-snb800","status":"publish","type":"product","link":"https:\/\/stollar.eu\/et\/blenderid\/kannmikser-the-active-life-snb800\/","title":{"rendered":"Kannmikser the Active Life SNB800"},"content":{"rendered":"","protected":false},"excerpt":{"rendered":"<h2>V\u00f5imas 1200 W BPA-vaba kannmikser koos jahvatustassiga. Kannmikser the Active Life sobib ideaalselt smuutide ja suppide segamiseks v\u00f5i v\u00fcrtsiade ja p\u00e4hklite jahvatamiseks. See on t\u00e4iuslik aktiivse elu jaoks!  <\/h2>\n<ul>\n<li>V\u00f5imas 1200 W mootor<\/li>\n<li>Maksimaalne j\u00f5udlus 19 000 p\/min<\/li>\n<li>BPA-vaba 1-liitrine Tritan\u00ae segamistass, n\u00f5udepesumasinas pestav<\/li>\n<li>BPA-vaba 0,45-liitrine Tritan\u00ae jahvatustass, n\u00f5udepesumasinas pestav<\/li>\n<li>Juhtpaneel koos impulssre\u017eiimi nupuga<\/li>\n<li>P\u00f6\u00f6ratav kaas ja hoiukaaned<\/li>\n<li>Risttera ja lameda teraga segamisalused<\/li>\n<li>2-aastane tootjagarantii<\/li>\n<\/ul>\n","protected":false},"featured_media":27222,"template":"","meta":{"_acf_changed":false},"product_brand":[],"product_cat":[401],"product_tag":[],"class_list":{"0":"post-27257","1":"product","2":"type-product","3":"status-publish","4":"has-post-thumbnail","6":"product_cat-blenderid","8":"first","9":"instock","10":"featured","11":"taxable","12":"shipping-taxable","13":"purchasable","14":"product-type-simple"},"acf":[],"_links":{"self":[{"href":"https:\/\/stollar.eu\/et\/wp-json\/wp\/v2\/product\/27257","targetHints":{"allow":["GET"]}}],"collection":[{"href":"https:\/\/stollar.eu\/et\/wp-json\/wp\/v2\/product"}],"about":[{"href":"https:\/\/stollar.eu\/et\/wp-json\/wp\/v2\/types\/product"}],"version-history":[{"count":0,"href":"https:\/\/stollar.eu\/et\/wp-json\/wp\/v2\/product\/27257\/revisions"}],"wp:featuredmedia":[{"embeddable":true,"href":"https:\/\/stollar.eu\/et\/wp-json\/wp\/v2\/media\/27222"}],"wp:attachment":[{"href":"https:\/\/stollar.eu\/et\/wp-json\/wp\/v2\/media?parent=27257"}],"wp:term":[{"taxonomy":"product_brand","embeddable":true,"href":"https:\/\/stollar.eu\/et\/wp-json\/wp\/v2\/product_brand?post=27257"},{"taxonomy":"product_cat","embeddable":true,"href":"https:\/\/stollar.eu\/et\/wp-json\/wp\/v2\/product_cat?post=27257"},{"taxonomy":"product_tag","embeddable":true,"href":"https:\/\/stollar.eu\/et\/wp-json\/wp\/v2\/product_tag?post=27257"}],"curies":[{"name":"wp","href":"https:\/\/api.w.org\/{rel}","templated":true}]}}