{"id":27194,"date":"2025-12-09T16:13:24","date_gmt":"2025-12-09T14:13:24","guid":{"rendered":"https:\/\/stollar.eu\/maaratlemata\/mikrolaineahi-the-express-wave-smv650\/"},"modified":"2025-12-09T16:13:24","modified_gmt":"2025-12-09T14:13:24","slug":"mikrolaineahi-the-express-wave-smv650","status":"publish","type":"product","link":"https:\/\/stollar.eu\/et\/mikrolaineahjud\/mikrolaineahi-the-express-wave-smv650\/","title":{"rendered":"Mikrolaineahi the Express Wave SMV650"},"content":{"rendered":"","protected":false},"excerpt":{"rendered":"<h2>Kompaktne 20-liitrine mikrolaineahi intuitiivsete juhtnuppudega.<\/h2>\n<ul>\n<li>V\u00f5imsus 700 W<\/li>\n<li>Kompaktne 20-liitrine disain<\/li>\n<li>245 mm klaasist p\u00f6\u00f6rdalus<\/li>\n<li>Men\u00fc\u00fc ja aja reguleerimise ketas kiirek\u00e4ivituse m\u00e4rgisega<\/li>\n<li>Lihtne sulatamine<\/li>\n<li>Juhtpaneel mugavate funktsiooninuppudega<\/li>\n<li>Informatiivne LCD-ekraan<\/li>\n<li>Ukse turvalukus\u00fcsteem<\/li>\n<li>Kaitsev ahiaken<\/li>\n<li>Tootjagarantii 2 aastat<\/li>\n<\/ul>\n","protected":false},"featured_media":27182,"template":"","meta":{"_acf_changed":false},"product_brand":[],"product_cat":[480],"product_tag":[],"class_list":{"0":"post-27194","1":"product","2":"type-product","3":"status-publish","4":"has-post-thumbnail","6":"product_cat-mikrolaineahjud","8":"first","9":"instock","10":"taxable","11":"shipping-taxable","12":"purchasable","13":"product-type-simple"},"acf":[],"_links":{"self":[{"href":"https:\/\/stollar.eu\/et\/wp-json\/wp\/v2\/product\/27194","targetHints":{"allow":["GET"]}}],"collection":[{"href":"https:\/\/stollar.eu\/et\/wp-json\/wp\/v2\/product"}],"about":[{"href":"https:\/\/stollar.eu\/et\/wp-json\/wp\/v2\/types\/product"}],"version-history":[{"count":0,"href":"https:\/\/stollar.eu\/et\/wp-json\/wp\/v2\/product\/27194\/revisions"}],"wp:featuredmedia":[{"embeddable":true,"href":"https:\/\/stollar.eu\/et\/wp-json\/wp\/v2\/media\/27182"}],"wp:attachment":[{"href":"https:\/\/stollar.eu\/et\/wp-json\/wp\/v2\/media?parent=27194"}],"wp:term":[{"taxonomy":"product_brand","embeddable":true,"href":"https:\/\/stollar.eu\/et\/wp-json\/wp\/v2\/product_brand?post=27194"},{"taxonomy":"product_cat","embeddable":true,"href":"https:\/\/stollar.eu\/et\/wp-json\/wp\/v2\/product_cat?post=27194"},{"taxonomy":"product_tag","embeddable":true,"href":"https:\/\/stollar.eu\/et\/wp-json\/wp\/v2\/product_tag?post=27194"}],"curies":[{"name":"wp","href":"https:\/\/api.w.org\/{rel}","templated":true}]}}