{"id":27034,"date":"2025-09-10T13:14:59","date_gmt":"2025-09-10T11:14:59","guid":{"rendered":"https:\/\/stollar.eu\/maaratlemata\/the-multi-food-processor-koogikombain-spp900\/"},"modified":"2025-12-19T18:27:10","modified_gmt":"2025-12-19T16:27:10","slug":"the-multi-food-processor-koogikombain-spp900","status":"publish","type":"product","link":"https:\/\/stollar.eu\/et\/koogikombainid\/the-multi-food-processor-koogikombain-spp900\/","title":{"rendered":"the Multi Food Processor k\u00f6\u00f6gikombain SPP900"},"content":{"rendered":"","protected":false},"excerpt":{"rendered":"<h2 class=\"p1\">V\u00f5imas 1300 W k\u00f6\u00f6gikombain 5 automaatprogrammi, 14 tarvikut ja muudetava kiirusega.<\/h2>\n<ul>\n<li>Puutetundlik juhtimine 5 automaatprogrammi jaoks<\/li>\n<li>Mahukas 3-liitrine anum<\/li>\n<li>1,5-liitrine klaasist blenderi kann<\/li>\n<li>Miniveski<\/li>\n<li>4 roostevabast terasest ketast: viilutamiseks, ribastamiseks, riivimiseks ja friikartulite valmistamiseks<\/li>\n<li>Tainatera ja mitmeotstarbeline hakkimistera<\/li>\n<li>Topelt visplitarvik<\/li>\n<li>Tsitruspressi tarvik<\/li>\n<li>Tsentrifugaalne mahlapress<\/li>\n<li>Emulgeerimisketas<\/li>\n<li>Mitu erineva suurusega t\u00e4itetoru t\u00e4psete tulemuste saavutamiseks (kolm-\u00fches)<\/li>\n<li>Muudetav kiirus<\/li>\n<li>Tarvikute hoiukarp<\/li>\n<li>2-aastane tootjagarantii<\/li>\n<\/ul>\n","protected":false},"featured_media":26973,"template":"","meta":{"_acf_changed":false},"product_brand":[],"product_cat":[403],"product_tag":[],"class_list":{"0":"post-27034","1":"product","2":"type-product","3":"status-publish","4":"has-post-thumbnail","6":"product_cat-koogikombainid","8":"first","9":"instock","10":"featured","11":"taxable","12":"shipping-taxable","13":"purchasable","14":"product-type-simple"},"acf":[],"_links":{"self":[{"href":"https:\/\/stollar.eu\/et\/wp-json\/wp\/v2\/product\/27034","targetHints":{"allow":["GET"]}}],"collection":[{"href":"https:\/\/stollar.eu\/et\/wp-json\/wp\/v2\/product"}],"about":[{"href":"https:\/\/stollar.eu\/et\/wp-json\/wp\/v2\/types\/product"}],"version-history":[{"count":0,"href":"https:\/\/stollar.eu\/et\/wp-json\/wp\/v2\/product\/27034\/revisions"}],"wp:featuredmedia":[{"embeddable":true,"href":"https:\/\/stollar.eu\/et\/wp-json\/wp\/v2\/media\/26973"}],"wp:attachment":[{"href":"https:\/\/stollar.eu\/et\/wp-json\/wp\/v2\/media?parent=27034"}],"wp:term":[{"taxonomy":"product_brand","embeddable":true,"href":"https:\/\/stollar.eu\/et\/wp-json\/wp\/v2\/product_brand?post=27034"},{"taxonomy":"product_cat","embeddable":true,"href":"https:\/\/stollar.eu\/et\/wp-json\/wp\/v2\/product_cat?post=27034"},{"taxonomy":"product_tag","embeddable":true,"href":"https:\/\/stollar.eu\/et\/wp-json\/wp\/v2\/product_tag?post=27034"}],"curies":[{"name":"wp","href":"https:\/\/api.w.org\/{rel}","templated":true}]}}