{"id":27027,"date":"2025-09-10T14:25:48","date_gmt":"2025-09-10T12:25:48","guid":{"rendered":"https:\/\/stollar.eu\/maaratlemata\/the-multi-slim-cafe-kapselkohvimasin-sem350\/"},"modified":"2025-09-12T11:24:00","modified_gmt":"2025-09-12T09:24:00","slug":"the-multi-slim-cafe-kapselkohvimasin-sem350","status":"publish","type":"product","link":"https:\/\/stollar.eu\/et\/kohviseadmed\/the-multi-slim-cafe-kapselkohvimasin-sem350\/","title":{"rendered":"the Multi Slim Caf\u00e9 kapselkohvimasin SEM350"},"content":{"rendered":"","protected":false},"excerpt":{"rendered":"<h2>5-in-1 kohvimasin kapslitele, kohvitablettidele ja jahvatatud kohvile.<\/h2>\n<ul>\n<li>5-in-1 multifunktsioon: A Modo Mio\u00ae, Nespresso\u00ae, Dolce Gusto\u00ae ja E.S.E. kohvitabletid<\/li>\n<li>V\u00f5imas 1350 W k\u00fcttekeha energias\u00e4\u00e4sture\u017eiimiga<\/li>\n<li>19-baarise survega pump t\u00e4iuslikuks ekstraktimiseks<\/li>\n<li>0,7-liitrine h\u00f5lpsalt eemaldatav veepaak<\/li>\n<li>Puutetundlik juhtpaneel<\/li>\n<li>\u00dche nupuvajutusega espresso v\u00f5i americano<\/li>\n<li>Programmeeritav vee kogus<\/li>\n<li>Eemaldatav tilgakandik<\/li>\n<li>2-aastane tootjagarantii<\/li>\n<\/ul>\n<p><span style=\"font-size: 12px; line-height: 14px !important;\">A Modo Mio\u00ae on ettev\u00f5tte Luigi Lavazza S.p.A. registreeritud kaubam\u00e4rk. Nespresso\u00ae ja Dolce Gusto\u00ae on ettev\u00f5tte Soci\u00e9t\u00e9 Des Produits Nestl\u00e9 S.A. registreeritud kaubam\u00e4rgid. E.S.E on Consortium for the Development and Protection of the E.S.E. Standard kollektiivne kaubam\u00e4rk. K\u00f5ik kaubam\u00e4rgid kuuluvad nende vastavatele omanikele ega ole seotud Stollar v\u00f5i B.T.U. Companyga.    <\/span><\/p>\n","protected":false},"featured_media":27002,"template":"","meta":{"_acf_changed":false},"product_brand":[],"product_cat":[411],"product_tag":[],"class_list":{"0":"post-27027","1":"product","2":"type-product","3":"status-publish","4":"has-post-thumbnail","6":"product_cat-kohviseadmed","8":"first","9":"instock","10":"taxable","11":"shipping-taxable","12":"purchasable","13":"product-type-simple"},"acf":[],"_links":{"self":[{"href":"https:\/\/stollar.eu\/et\/wp-json\/wp\/v2\/product\/27027","targetHints":{"allow":["GET"]}}],"collection":[{"href":"https:\/\/stollar.eu\/et\/wp-json\/wp\/v2\/product"}],"about":[{"href":"https:\/\/stollar.eu\/et\/wp-json\/wp\/v2\/types\/product"}],"version-history":[{"count":0,"href":"https:\/\/stollar.eu\/et\/wp-json\/wp\/v2\/product\/27027\/revisions"}],"wp:featuredmedia":[{"embeddable":true,"href":"https:\/\/stollar.eu\/et\/wp-json\/wp\/v2\/media\/27002"}],"wp:attachment":[{"href":"https:\/\/stollar.eu\/et\/wp-json\/wp\/v2\/media?parent=27027"}],"wp:term":[{"taxonomy":"product_brand","embeddable":true,"href":"https:\/\/stollar.eu\/et\/wp-json\/wp\/v2\/product_brand?post=27027"},{"taxonomy":"product_cat","embeddable":true,"href":"https:\/\/stollar.eu\/et\/wp-json\/wp\/v2\/product_cat?post=27027"},{"taxonomy":"product_tag","embeddable":true,"href":"https:\/\/stollar.eu\/et\/wp-json\/wp\/v2\/product_tag?post=27027"}],"curies":[{"name":"wp","href":"https:\/\/api.w.org\/{rel}","templated":true}]}}