{"id":26764,"date":"2025-07-31T08:09:21","date_gmt":"2025-07-31T06:09:21","guid":{"rendered":"https:\/\/stollar.eu\/maaratlemata\/toidukuivati-the-rapid-food-dryer-dhs806\/"},"modified":"2025-07-31T08:35:47","modified_gmt":"2025-07-31T06:35:47","slug":"toidukuivati-the-rapid-food-dryer-dhs806","status":"publish","type":"product","link":"https:\/\/stollar.eu\/et\/toidukuivatid\/toidukuivati-the-rapid-food-dryer-dhs806\/","title":{"rendered":"Toidukuivati the Rapid Food Dryer DHS806"},"content":{"rendered":"","protected":false},"excerpt":{"rendered":"<h2>V\u00f5imas 600 W toidukuivati kuue metallist kuivatusplaadiga<\/h2>\n<ul>\n<li>6 roostevabast terasest kuivatusplaati<\/li>\n<li>600 W v\u00f5imas kuumutuselement<\/li>\n<li>Reguleeritav temperatuur 35-75\u00b0C<\/li>\n<li>T\u00f5hus kuuma \u00f5hu ringluse s\u00fcsteem<\/li>\n<li>Programmeeritav 24 tunni taimer<\/li>\n<li>\u00dclimalt vaikselt t\u00f6\u00f6tav<\/li>\n<li>Automaatne v\u00e4ljal\u00fclitamine<\/li>\n<li>Lihtne juhtimispaneel<\/li>\n<li>Eriti suur l\u00e4bipaistev aken<\/li>\n<li>Tootjagarantii 2 aastat<\/li>\n<\/ul>\n","protected":false},"featured_media":26746,"template":"","meta":{"_acf_changed":false},"product_brand":[],"product_cat":[421],"product_tag":[],"class_list":{"0":"post-26764","1":"product","2":"type-product","3":"status-publish","4":"has-post-thumbnail","6":"product_cat-toidukuivatid","8":"first","9":"instock","10":"featured","11":"taxable","12":"shipping-taxable","13":"purchasable","14":"product-type-simple"},"acf":[],"_links":{"self":[{"href":"https:\/\/stollar.eu\/et\/wp-json\/wp\/v2\/product\/26764","targetHints":{"allow":["GET"]}}],"collection":[{"href":"https:\/\/stollar.eu\/et\/wp-json\/wp\/v2\/product"}],"about":[{"href":"https:\/\/stollar.eu\/et\/wp-json\/wp\/v2\/types\/product"}],"version-history":[{"count":0,"href":"https:\/\/stollar.eu\/et\/wp-json\/wp\/v2\/product\/26764\/revisions"}],"wp:featuredmedia":[{"embeddable":true,"href":"https:\/\/stollar.eu\/et\/wp-json\/wp\/v2\/media\/26746"}],"wp:attachment":[{"href":"https:\/\/stollar.eu\/et\/wp-json\/wp\/v2\/media?parent=26764"}],"wp:term":[{"taxonomy":"product_brand","embeddable":true,"href":"https:\/\/stollar.eu\/et\/wp-json\/wp\/v2\/product_brand?post=26764"},{"taxonomy":"product_cat","embeddable":true,"href":"https:\/\/stollar.eu\/et\/wp-json\/wp\/v2\/product_cat?post=26764"},{"taxonomy":"product_tag","embeddable":true,"href":"https:\/\/stollar.eu\/et\/wp-json\/wp\/v2\/product_tag?post=26764"}],"curies":[{"name":"wp","href":"https:\/\/api.w.org\/{rel}","templated":true}]}}