{"id":26728,"date":"2024-07-20T14:17:07","date_gmt":"2024-07-20T12:17:07","guid":{"rendered":"https:\/\/stollar.eu\/maaratlemata\/the-multi-food-processor-koogikombain-spp600\/"},"modified":"2025-07-29T14:53:16","modified_gmt":"2025-07-29T12:53:16","slug":"the-multi-food-processor-koogikombain-spp600","status":"publish","type":"product","link":"https:\/\/stollar.eu\/et\/koogikombainid\/the-multi-food-processor-koogikombain-spp600\/","title":{"rendered":"the Multi Food Processor k\u00f6\u00f6gikombain SPP600"},"content":{"rendered":"","protected":false},"excerpt":{"rendered":"<h2>K\u00f6\u00f6gikombain kahe kiiruse ja pulseeriva re\u017eiimiga.<\/h2>\n<ul>\n<li>Kahe kiiruse reguleerimise nupp ja pulseerivate liigutustega re\u017eiim<\/li>\n<li>Mahukas 1,2-liitrine anum<\/li>\n<li>1,5-liitrine klaasist blenderi kann<\/li>\n<li>Neli roostevabast terasest ketast viilutamiseks, ribastamiseks, riivimiseks ja friikartulite valmistamiseks<\/li>\n<li>Turvariivistuse s\u00fcsteem<\/li>\n<li>Libisemiskindlad jalad<\/li>\n<li>2-aastane tootjagarantii<\/li>\n<\/ul>\n","protected":false},"featured_media":26707,"template":"","meta":{"_acf_changed":false},"product_brand":[],"product_cat":[403],"product_tag":[],"class_list":{"0":"post-26728","1":"product","2":"type-product","3":"status-publish","4":"has-post-thumbnail","6":"product_cat-koogikombainid","8":"first","9":"instock","10":"taxable","11":"shipping-taxable","12":"purchasable","13":"product-type-simple"},"acf":[],"_links":{"self":[{"href":"https:\/\/stollar.eu\/et\/wp-json\/wp\/v2\/product\/26728","targetHints":{"allow":["GET"]}}],"collection":[{"href":"https:\/\/stollar.eu\/et\/wp-json\/wp\/v2\/product"}],"about":[{"href":"https:\/\/stollar.eu\/et\/wp-json\/wp\/v2\/types\/product"}],"version-history":[{"count":0,"href":"https:\/\/stollar.eu\/et\/wp-json\/wp\/v2\/product\/26728\/revisions"}],"wp:featuredmedia":[{"embeddable":true,"href":"https:\/\/stollar.eu\/et\/wp-json\/wp\/v2\/media\/26707"}],"wp:attachment":[{"href":"https:\/\/stollar.eu\/et\/wp-json\/wp\/v2\/media?parent=26728"}],"wp:term":[{"taxonomy":"product_brand","embeddable":true,"href":"https:\/\/stollar.eu\/et\/wp-json\/wp\/v2\/product_brand?post=26728"},{"taxonomy":"product_cat","embeddable":true,"href":"https:\/\/stollar.eu\/et\/wp-json\/wp\/v2\/product_cat?post=26728"},{"taxonomy":"product_tag","embeddable":true,"href":"https:\/\/stollar.eu\/et\/wp-json\/wp\/v2\/product_tag?post=26728"}],"curies":[{"name":"wp","href":"https:\/\/api.w.org\/{rel}","templated":true}]}}