{"id":26397,"date":"2025-06-20T12:36:54","date_gmt":"2025-06-20T10:36:54","guid":{"rendered":"https:\/\/ao9qt3crk3-staging.onrocket.site\/maaratlemata\/ohkfritter-the-dual-smart-air-fry-air711\/"},"modified":"2025-08-12T16:56:24","modified_gmt":"2025-08-12T14:56:24","slug":"ohkfritter-the-dual-smart-air-fry-air711","status":"publish","type":"product","link":"https:\/\/stollar.eu\/et\/kuumaohufrituurid\/ohkfritter-the-dual-smart-air-fry-air711\/","title":{"rendered":"\u00d5hkfritter the Dual Smart Air Fry AIR711"},"content":{"rendered":"","protected":false},"excerpt":{"rendered":"<h2>Kuuma\u00f5hufrit\u00fc\u00fcr kahe korviga (7 ja 4 liitrit) mugava puutetundliku ekraaniga ning s\u00fcnkroonse l\u00f5petamise funktsiooniga. Varustatud Dual Smart Air Fry kuuma \u00f5hu ringluse s\u00fcsteemiga, v\u00f5imaldab see frit\u00fc\u00fcr praadida, grillida, k\u00fcpsetada ja soojendada terve pere tervislikke, rasvavabu roogasid ning kaks eraldi korvi v\u00f5imaldavad korraga valmistada kahte erinevat rooga.<\/h2>\n<ul>\n<li>Informatiseeritud LED-ekraan puutetundlike juhtnuppudega<\/li>\n<li>10 automaatselt seadistatavat programmi<\/li>\n<li>Kaks korvi mahutavusega 7 ja 4 liitrit<\/li>\n<li>Temperatuur 80\u2013200 \u00b0C<\/li>\n<li>60 minuti taimer<\/li>\n<li>Kiire kuuma \u00f5hu ringluse s\u00fcsteem<\/li>\n<li>DUAL funktsioon roogade valmistamiseks m\u00f5lemas korvis samaaegselt<\/li>\n<li>SHAKE meeldetuletuse funktsioon<\/li>\n<li>SYNC funktsioon valmistamise l\u00f5petamiseks m\u00f5lemas korvis samaaegselt<\/li>\n<li>Korpus k\u00fclma puutetundliku kehaga<\/li>\n<li>Suur v\u00f5imsus 2600 W<\/li>\n<li>2 aasta toote garantii<\/li>\n<\/ul>\n","protected":false},"featured_media":26384,"template":"","meta":{"_acf_changed":false},"product_brand":[],"product_cat":[432],"product_tag":[],"class_list":{"0":"post-26397","1":"product","2":"type-product","3":"status-publish","4":"has-post-thumbnail","6":"product_cat-kuumaohufrituurid","8":"first","9":"instock","10":"featured","11":"taxable","12":"shipping-taxable","13":"purchasable","14":"product-type-simple"},"acf":[],"_links":{"self":[{"href":"https:\/\/stollar.eu\/et\/wp-json\/wp\/v2\/product\/26397","targetHints":{"allow":["GET"]}}],"collection":[{"href":"https:\/\/stollar.eu\/et\/wp-json\/wp\/v2\/product"}],"about":[{"href":"https:\/\/stollar.eu\/et\/wp-json\/wp\/v2\/types\/product"}],"version-history":[{"count":0,"href":"https:\/\/stollar.eu\/et\/wp-json\/wp\/v2\/product\/26397\/revisions"}],"wp:featuredmedia":[{"embeddable":true,"href":"https:\/\/stollar.eu\/et\/wp-json\/wp\/v2\/media\/26384"}],"wp:attachment":[{"href":"https:\/\/stollar.eu\/et\/wp-json\/wp\/v2\/media?parent=26397"}],"wp:term":[{"taxonomy":"product_brand","embeddable":true,"href":"https:\/\/stollar.eu\/et\/wp-json\/wp\/v2\/product_brand?post=26397"},{"taxonomy":"product_cat","embeddable":true,"href":"https:\/\/stollar.eu\/et\/wp-json\/wp\/v2\/product_cat?post=26397"},{"taxonomy":"product_tag","embeddable":true,"href":"https:\/\/stollar.eu\/et\/wp-json\/wp\/v2\/product_tag?post=26397"}],"curies":[{"name":"wp","href":"https:\/\/api.w.org\/{rel}","templated":true}]}}