{"id":25868,"date":"2025-05-29T12:18:53","date_gmt":"2025-05-29T10:18:53","guid":{"rendered":"https:\/\/stollar.eu\/maaratlemata\/the-salt-pepper-soola-ja-pipraveskid-ssp400\/"},"modified":"2025-05-29T12:32:12","modified_gmt":"2025-05-29T10:32:12","slug":"the-salt-pepper-soola-ja-pipraveskid-ssp400","status":"publish","type":"product","link":"https:\/\/stollar.eu\/et\/maitseainete-veskid\/the-salt-pepper-soola-ja-pipraveskid-ssp400\/","title":{"rendered":"the Salt &#038; Pepper soola- ja pipraveskid SSP400"},"content":{"rendered":"","protected":false},"excerpt":{"rendered":"<h2>Soola- ja pipraveskite komplekt patareitoitel<\/h2>\n<ul>\n<li>L\u00e4bipaistev 95 ml anum<\/li>\n<li>Keraamilised jahvatuskivid<\/li>\n<li>Reguleeritav jahvatuse paksus<\/li>\n<li>Valgustus kasutamise ajal<\/li>\n<li>Iga veski t\u00f6\u00f6tab 4 \u00d7 AAA patareidega (ei kuulu komplekti)<\/li>\n<li>2-aastane garantii<\/li>\n<\/ul>\n","protected":false},"featured_media":25834,"template":"","meta":{"_acf_changed":false},"product_brand":[],"product_cat":[407],"product_tag":[],"class_list":{"0":"post-25868","1":"product","2":"type-product","3":"status-publish","4":"has-post-thumbnail","6":"product_cat-maitseainete-veskid","8":"first","9":"instock","10":"taxable","11":"shipping-taxable","12":"purchasable","13":"product-type-simple"},"acf":[],"_links":{"self":[{"href":"https:\/\/stollar.eu\/et\/wp-json\/wp\/v2\/product\/25868","targetHints":{"allow":["GET"]}}],"collection":[{"href":"https:\/\/stollar.eu\/et\/wp-json\/wp\/v2\/product"}],"about":[{"href":"https:\/\/stollar.eu\/et\/wp-json\/wp\/v2\/types\/product"}],"version-history":[{"count":0,"href":"https:\/\/stollar.eu\/et\/wp-json\/wp\/v2\/product\/25868\/revisions"}],"wp:featuredmedia":[{"embeddable":true,"href":"https:\/\/stollar.eu\/et\/wp-json\/wp\/v2\/media\/25834"}],"wp:attachment":[{"href":"https:\/\/stollar.eu\/et\/wp-json\/wp\/v2\/media?parent=25868"}],"wp:term":[{"taxonomy":"product_brand","embeddable":true,"href":"https:\/\/stollar.eu\/et\/wp-json\/wp\/v2\/product_brand?post=25868"},{"taxonomy":"product_cat","embeddable":true,"href":"https:\/\/stollar.eu\/et\/wp-json\/wp\/v2\/product_cat?post=25868"},{"taxonomy":"product_tag","embeddable":true,"href":"https:\/\/stollar.eu\/et\/wp-json\/wp\/v2\/product_tag?post=25868"}],"curies":[{"name":"wp","href":"https:\/\/api.w.org\/{rel}","templated":true}]}}