{"id":25071,"date":"2025-04-04T16:08:07","date_gmt":"2025-04-04T14:08:07","guid":{"rendered":"https:\/\/stollar.eu\/maaratlemata\/the-milk-frother-piimavahustaja-pps700\/"},"modified":"2025-06-27T11:41:20","modified_gmt":"2025-06-27T09:41:20","slug":"the-milk-frother-piimavahustaja-pps700","status":"publish","type":"product","link":"https:\/\/stollar.eu\/et\/kohviseadmed\/the-milk-frother-piimavahustaja-pps700\/","title":{"rendered":"the Milk Frother piimavahustaja PPS700"},"content":{"rendered":"","protected":false},"excerpt":{"rendered":"<h2>600 W piimavahustaja k\u00fclma v\u00f5i kuuma vahu, sooja piima ja kuuma \u0161okolaadi valmistamiseks.<\/h2>\n<ul>\n<li>600 W kuumutuselement<\/li>\n<li>Maksimaalne maht: 500 ml<\/li>\n<li>Piimakann on n\u00f5udepesumasinas pestav<\/li>\n<li>Vaikne t\u00f6\u00f6<\/li>\n<li>Valgustatud juhtnupud<\/li>\n<li>Libisemiskindlad jalad<\/li>\n<li>Juhtmehoidik<\/li>\n<li>2-aastane garantii<\/li>\n<\/ul>\n","protected":false},"featured_media":25029,"template":"","meta":{"_acf_changed":false},"product_brand":[],"product_cat":[411],"product_tag":[],"class_list":{"0":"post-25071","1":"product","2":"type-product","3":"status-publish","4":"has-post-thumbnail","6":"product_cat-kohviseadmed","8":"first","9":"instock","10":"taxable","11":"shipping-taxable","12":"purchasable","13":"product-type-simple"},"acf":[],"_links":{"self":[{"href":"https:\/\/stollar.eu\/et\/wp-json\/wp\/v2\/product\/25071","targetHints":{"allow":["GET"]}}],"collection":[{"href":"https:\/\/stollar.eu\/et\/wp-json\/wp\/v2\/product"}],"about":[{"href":"https:\/\/stollar.eu\/et\/wp-json\/wp\/v2\/types\/product"}],"version-history":[{"count":0,"href":"https:\/\/stollar.eu\/et\/wp-json\/wp\/v2\/product\/25071\/revisions"}],"wp:featuredmedia":[{"embeddable":true,"href":"https:\/\/stollar.eu\/et\/wp-json\/wp\/v2\/media\/25029"}],"wp:attachment":[{"href":"https:\/\/stollar.eu\/et\/wp-json\/wp\/v2\/media?parent=25071"}],"wp:term":[{"taxonomy":"product_brand","embeddable":true,"href":"https:\/\/stollar.eu\/et\/wp-json\/wp\/v2\/product_brand?post=25071"},{"taxonomy":"product_cat","embeddable":true,"href":"https:\/\/stollar.eu\/et\/wp-json\/wp\/v2\/product_cat?post=25071"},{"taxonomy":"product_tag","embeddable":true,"href":"https:\/\/stollar.eu\/et\/wp-json\/wp\/v2\/product_tag?post=25071"}],"curies":[{"name":"wp","href":"https:\/\/api.w.org\/{rel}","templated":true}]}}