{"id":24416,"date":"2025-01-29T13:13:01","date_gmt":"2025-01-29T11:13:01","guid":{"rendered":"https:\/\/stollar.eu\/maaratlemata\/the-hand-blender-kasimikser-shb850\/"},"modified":"2025-01-29T13:13:01","modified_gmt":"2025-01-29T11:13:01","slug":"the-hand-blender-kasimikser-shb850","status":"publish","type":"product","link":"https:\/\/stollar.eu\/et\/kasiblenderid\/the-hand-blender-kasimikser-shb850\/","title":{"rendered":"the Hand Blender k\u00e4simikser SHB850"},"content":{"rendered":"","protected":false},"excerpt":{"rendered":"<h2>V\u00f5imas k\u00e4simikser ergonoomilise k\u00e4epideme ja turbokiiruse nupuga.<\/h2>\n<ul>\n<li>Kiiruse reguleerimisseadis t\u00e4pseks purustamiseks ja segamiseks ning t\u00f6\u00f6tlemiseks<\/li>\n<li>Turbokiiruse nupp maksimumv\u00f5imsuse tagamiseks<\/li>\n<li>V\u00f5imas 1500 W mootor<\/li>\n<li>Roostevabast terasest varrega saab purustada ja segada nii kuumi kui ka k\u00fclmi koostisaineid<\/li>\n<li>Roostevabast terasest vispel h\u00f5lpsaks kloppimiseks ja segamiseks<\/li>\n<li>0,7-liitrine m\u00f5\u00f5teanum<\/li>\n<li>Tootjagarantii 2 aastat<\/li>\n<\/ul>\n","protected":false},"featured_media":24383,"template":"","meta":{"_acf_changed":false},"product_brand":[],"product_cat":[453],"product_tag":[],"class_list":{"0":"post-24416","1":"product","2":"type-product","3":"status-publish","4":"has-post-thumbnail","6":"product_cat-kasiblenderid","8":"first","9":"instock","10":"taxable","11":"shipping-taxable","12":"purchasable","13":"product-type-simple"},"acf":[],"_links":{"self":[{"href":"https:\/\/stollar.eu\/et\/wp-json\/wp\/v2\/product\/24416","targetHints":{"allow":["GET"]}}],"collection":[{"href":"https:\/\/stollar.eu\/et\/wp-json\/wp\/v2\/product"}],"about":[{"href":"https:\/\/stollar.eu\/et\/wp-json\/wp\/v2\/types\/product"}],"version-history":[{"count":0,"href":"https:\/\/stollar.eu\/et\/wp-json\/wp\/v2\/product\/24416\/revisions"}],"wp:featuredmedia":[{"embeddable":true,"href":"https:\/\/stollar.eu\/et\/wp-json\/wp\/v2\/media\/24383"}],"wp:attachment":[{"href":"https:\/\/stollar.eu\/et\/wp-json\/wp\/v2\/media?parent=24416"}],"wp:term":[{"taxonomy":"product_brand","embeddable":true,"href":"https:\/\/stollar.eu\/et\/wp-json\/wp\/v2\/product_brand?post=24416"},{"taxonomy":"product_cat","embeddable":true,"href":"https:\/\/stollar.eu\/et\/wp-json\/wp\/v2\/product_cat?post=24416"},{"taxonomy":"product_tag","embeddable":true,"href":"https:\/\/stollar.eu\/et\/wp-json\/wp\/v2\/product_tag?post=24416"}],"curies":[{"name":"wp","href":"https:\/\/api.w.org\/{rel}","templated":true}]}}