{"id":24078,"date":"2024-12-10T13:19:48","date_gmt":"2024-12-10T11:19:48","guid":{"rendered":"https:\/\/stollar.eu\/maaratlemata\/ohkfritter-the-smart-air-fry-air870\/"},"modified":"2024-12-10T13:29:49","modified_gmt":"2024-12-10T11:29:49","slug":"ohkfritter-the-smart-air-fry-air870","status":"publish","type":"product","link":"https:\/\/stollar.eu\/et\/kuumaohufrituurid\/ohkfritter-the-smart-air-fry-air870\/","title":{"rendered":"\u00d5hkfritter the Smart Air Fry AIR870"},"content":{"rendered":"","protected":false},"excerpt":{"rendered":"<h2>6,5-liitrise topeltkorviga kuuma\u00f5hufrit\u00fc\u00fcr valgustusega aknaga ja mugavate puutetundlike juhtnuppudega.<\/h2>\n<ul>\n<li class=\"p1\">Suur valgustusega aken<\/li>\n<li class=\"p1\">12 eelseadistatud programmi<\/li>\n<li class=\"p1\">6,5-liitrine mahukas \u00fchekordne korv<\/li>\n<li class=\"p1\">Temperatuur 80\u2013200 \u00b0C<\/li>\n<li class=\"p1\">60 minuti taimer<\/li>\n<li class=\"p1\">Kiire kuuma \u00f5hu ringluse s\u00fcsteem<\/li>\n<li class=\"p1\">Suur v\u00f5imsus 1800 W<\/li>\n<li>Tootjagarantii 2 aastat<\/li>\n<\/ul>\n","protected":false},"featured_media":24047,"template":"","meta":{"_acf_changed":false},"product_brand":[],"product_cat":[432],"product_tag":[],"class_list":{"0":"post-24078","1":"product","2":"type-product","3":"status-publish","4":"has-post-thumbnail","6":"product_cat-kuumaohufrituurid","8":"first","9":"instock","10":"featured","11":"taxable","12":"shipping-taxable","13":"purchasable","14":"product-type-simple"},"acf":[],"_links":{"self":[{"href":"https:\/\/stollar.eu\/et\/wp-json\/wp\/v2\/product\/24078","targetHints":{"allow":["GET"]}}],"collection":[{"href":"https:\/\/stollar.eu\/et\/wp-json\/wp\/v2\/product"}],"about":[{"href":"https:\/\/stollar.eu\/et\/wp-json\/wp\/v2\/types\/product"}],"version-history":[{"count":0,"href":"https:\/\/stollar.eu\/et\/wp-json\/wp\/v2\/product\/24078\/revisions"}],"wp:featuredmedia":[{"embeddable":true,"href":"https:\/\/stollar.eu\/et\/wp-json\/wp\/v2\/media\/24047"}],"wp:attachment":[{"href":"https:\/\/stollar.eu\/et\/wp-json\/wp\/v2\/media?parent=24078"}],"wp:term":[{"taxonomy":"product_brand","embeddable":true,"href":"https:\/\/stollar.eu\/et\/wp-json\/wp\/v2\/product_brand?post=24078"},{"taxonomy":"product_cat","embeddable":true,"href":"https:\/\/stollar.eu\/et\/wp-json\/wp\/v2\/product_cat?post=24078"},{"taxonomy":"product_tag","embeddable":true,"href":"https:\/\/stollar.eu\/et\/wp-json\/wp\/v2\/product_tag?post=24078"}],"curies":[{"name":"wp","href":"https:\/\/api.w.org\/{rel}","templated":true}]}}