{"id":23122,"date":"2024-08-09T16:37:17","date_gmt":"2024-08-09T14:37:17","guid":{"rendered":"https:\/\/stollar.eu\/maaratlemata\/maisto-produktu-dziovintuvas-the-rapid-food-dryer-dhs750\/"},"modified":"2025-05-24T10:57:28","modified_gmt":"2025-05-24T08:57:28","slug":"toidukuivati-the-rapid-food-dryer-dhs750","status":"publish","type":"product","link":"https:\/\/stollar.eu\/et\/toidukuivatid\/toidukuivati-the-rapid-food-dryer-dhs750\/","title":{"rendered":"Toidukuivati the Rapid Food Dryer DHS750"},"content":{"rendered":"","protected":false},"excerpt":{"rendered":"<h2>V\u00f5imas 450 W toidukuivati kuue metallist kuivatusplaadiga.<\/h2>\n<ul>\n<li>6 metallresti kuivatamiseks, mida saab pesta n\u00f5udepesumasinas<\/li>\n<li>450 W v\u00f5imas kuumutuselement<\/li>\n<li>K\u00e4si reguleeritav temperatuur lihtsaks seadistamiseks<\/li>\n<li>Reguleeritav temperatuur 35\u201370 \u00b0C<\/li>\n<li>T\u00f5hus kuuma \u00f5hu ringluse s\u00fcsteem<\/li>\n<li>Vaikne t\u00f6\u00f6<\/li>\n<li>M\u00f5\u00f5dud: 32 x 29 x 36 cm (L x K x S)<\/li>\n<li>Tootjagarantii 2 aastat<\/li>\n<\/ul>\n","protected":false},"featured_media":22963,"template":"","meta":{"_acf_changed":false},"product_brand":[],"product_cat":[421],"product_tag":[],"class_list":{"0":"post-23122","1":"product","2":"type-product","3":"status-publish","4":"has-post-thumbnail","6":"product_cat-toidukuivatid","8":"first","9":"instock","10":"taxable","11":"shipping-taxable","12":"purchasable","13":"product-type-simple"},"acf":[],"_links":{"self":[{"href":"https:\/\/stollar.eu\/et\/wp-json\/wp\/v2\/product\/23122","targetHints":{"allow":["GET"]}}],"collection":[{"href":"https:\/\/stollar.eu\/et\/wp-json\/wp\/v2\/product"}],"about":[{"href":"https:\/\/stollar.eu\/et\/wp-json\/wp\/v2\/types\/product"}],"version-history":[{"count":0,"href":"https:\/\/stollar.eu\/et\/wp-json\/wp\/v2\/product\/23122\/revisions"}],"wp:featuredmedia":[{"embeddable":true,"href":"https:\/\/stollar.eu\/et\/wp-json\/wp\/v2\/media\/22963"}],"wp:attachment":[{"href":"https:\/\/stollar.eu\/et\/wp-json\/wp\/v2\/media?parent=23122"}],"wp:term":[{"taxonomy":"product_brand","embeddable":true,"href":"https:\/\/stollar.eu\/et\/wp-json\/wp\/v2\/product_brand?post=23122"},{"taxonomy":"product_cat","embeddable":true,"href":"https:\/\/stollar.eu\/et\/wp-json\/wp\/v2\/product_cat?post=23122"},{"taxonomy":"product_tag","embeddable":true,"href":"https:\/\/stollar.eu\/et\/wp-json\/wp\/v2\/product_tag?post=23122"}],"curies":[{"name":"wp","href":"https:\/\/api.w.org\/{rel}","templated":true}]}}