{"id":23119,"date":"2024-10-04T10:44:12","date_gmt":"2024-10-04T08:44:12","guid":{"rendered":"https:\/\/stollar.eu\/maaratlemata\/the-hand-blender-kasimikser-shb900\/"},"modified":"2025-05-21T18:36:56","modified_gmt":"2025-05-21T16:36:56","slug":"the-hand-blender-kasimikser-shb900","status":"publish","type":"product","link":"https:\/\/stollar.eu\/et\/kasiblenderid\/the-hand-blender-kasimikser-shb900\/","title":{"rendered":"K\u00e4simikser the Cordless Hand Blender SHB900"},"content":{"rendered":"","protected":false},"excerpt":{"rendered":"<h2>V\u00f5imas juhtmeta k\u00e4simikser eemaldatava 12 V liitium-ioonakuga ja kiiruse reguleerimisega, et tagada maksimaalne j\u00f5udlus.<\/h2>\n<ul>\n<li>Eemaldatav 12 V liitium-ioonaku juhtmeta kasutamiseks<\/li>\n<li>Kiirlaadimine 20 minutiga<\/li>\n<li>Komplekti kuulub USB-t\u00fc\u00fcpi C-kaabel<\/li>\n<li>0,7-liitrine m\u00f5\u00f5teklaas<\/li>\n<li>0,5-liitrine hakkimisanum<\/li>\n<li>Roostevabast terasest vispel h\u00f5lpsaks kloppimiseks ja<br \/>\nsegamiseks<\/li>\n<li>Tootjagarantii 2 aastat<\/li>\n<\/ul>\n","protected":false},"featured_media":22975,"template":"","meta":{"_acf_changed":false},"product_brand":[],"product_cat":[453],"product_tag":[],"class_list":{"0":"post-23119","1":"product","2":"type-product","3":"status-publish","4":"has-post-thumbnail","6":"product_cat-kasiblenderid","8":"first","9":"instock","10":"taxable","11":"shipping-taxable","12":"purchasable","13":"product-type-simple"},"acf":[],"_links":{"self":[{"href":"https:\/\/stollar.eu\/et\/wp-json\/wp\/v2\/product\/23119","targetHints":{"allow":["GET"]}}],"collection":[{"href":"https:\/\/stollar.eu\/et\/wp-json\/wp\/v2\/product"}],"about":[{"href":"https:\/\/stollar.eu\/et\/wp-json\/wp\/v2\/types\/product"}],"version-history":[{"count":0,"href":"https:\/\/stollar.eu\/et\/wp-json\/wp\/v2\/product\/23119\/revisions"}],"wp:featuredmedia":[{"embeddable":true,"href":"https:\/\/stollar.eu\/et\/wp-json\/wp\/v2\/media\/22975"}],"wp:attachment":[{"href":"https:\/\/stollar.eu\/et\/wp-json\/wp\/v2\/media?parent=23119"}],"wp:term":[{"taxonomy":"product_brand","embeddable":true,"href":"https:\/\/stollar.eu\/et\/wp-json\/wp\/v2\/product_brand?post=23119"},{"taxonomy":"product_cat","embeddable":true,"href":"https:\/\/stollar.eu\/et\/wp-json\/wp\/v2\/product_cat?post=23119"},{"taxonomy":"product_tag","embeddable":true,"href":"https:\/\/stollar.eu\/et\/wp-json\/wp\/v2\/product_tag?post=23119"}],"curies":[{"name":"wp","href":"https:\/\/api.w.org\/{rel}","templated":true}]}}