{"id":23104,"date":"2024-08-09T16:03:04","date_gmt":"2024-08-09T14:03:04","guid":{"rendered":"https:\/\/stollar.eu\/maaratlemata\/the-power-grind-lihaveski-bmg915\/"},"modified":"2025-05-21T18:35:35","modified_gmt":"2025-05-21T16:35:35","slug":"the-power-grind-lihaveski-bmg915","status":"publish","type":"product","link":"https:\/\/stollar.eu\/et\/hakklihamasinad\/the-power-grind-lihaveski-bmg915\/","title":{"rendered":"the Power Grind hakklihamasin BMG915"},"content":{"rendered":"","protected":false},"excerpt":{"rendered":"<div class=\"flex-shrink-0 flex flex-col relative items-end\">\n<div class=\"pt-0\">\n<div class=\"gizmo-bot-avatar flex h-8 w-8 items-center justify-center overflow-hidden rounded-full\">\n<h2 class=\"relative p-1 rounded-sm flex items-center justify-center bg-token-main-surface-primary text-token-text-primary h-8 w-8\">V\u00f5imas 2500 W hakklihamasin koos vastupidava metallmehhanismi ja j\u00e4iga alumiiniumvalust korpusega.<\/h2>\n<ul>\n<li>Puutetundlik juhtpaneel taimeri, tagurpidi p\u00f6\u00f6rlemise re\u017eiimi, kiirusregulaatori ja k\u00e4ivitamise-seiskamise nuppudega<\/li>\n<li>Vastupidavad metallosad<\/li>\n<li>J\u00e4ik alumiiniumvalust korpus<\/li>\n<li>Roostevabast terasest l\u00f5ikeplaadid (j\u00e4me ja keskmine)<\/li>\n<li>Kebabiotsak ja vorstiotsak<\/li>\n<li>Kergesti puhastatav suur metallist toitetoru<\/li>\n<li>Termokaitsel\u00fcliti<\/li>\n<li>Tootjagarantii 2 aastat<\/li>\n<\/ul>\n<\/div>\n<\/div>\n<\/div>\n","protected":false},"featured_media":22893,"template":"","meta":{"_acf_changed":false},"product_brand":[],"product_cat":[427],"product_tag":[],"class_list":{"0":"post-23104","1":"product","2":"type-product","3":"status-publish","4":"has-post-thumbnail","6":"product_cat-hakklihamasinad","8":"first","9":"instock","10":"taxable","11":"shipping-taxable","12":"purchasable","13":"product-type-simple"},"acf":[],"_links":{"self":[{"href":"https:\/\/stollar.eu\/et\/wp-json\/wp\/v2\/product\/23104","targetHints":{"allow":["GET"]}}],"collection":[{"href":"https:\/\/stollar.eu\/et\/wp-json\/wp\/v2\/product"}],"about":[{"href":"https:\/\/stollar.eu\/et\/wp-json\/wp\/v2\/types\/product"}],"version-history":[{"count":0,"href":"https:\/\/stollar.eu\/et\/wp-json\/wp\/v2\/product\/23104\/revisions"}],"wp:featuredmedia":[{"embeddable":true,"href":"https:\/\/stollar.eu\/et\/wp-json\/wp\/v2\/media\/22893"}],"wp:attachment":[{"href":"https:\/\/stollar.eu\/et\/wp-json\/wp\/v2\/media?parent=23104"}],"wp:term":[{"taxonomy":"product_brand","embeddable":true,"href":"https:\/\/stollar.eu\/et\/wp-json\/wp\/v2\/product_brand?post=23104"},{"taxonomy":"product_cat","embeddable":true,"href":"https:\/\/stollar.eu\/et\/wp-json\/wp\/v2\/product_cat?post=23104"},{"taxonomy":"product_tag","embeddable":true,"href":"https:\/\/stollar.eu\/et\/wp-json\/wp\/v2\/product_tag?post=23104"}],"curies":[{"name":"wp","href":"https:\/\/api.w.org\/{rel}","templated":true}]}}