{"id":22925,"date":"2024-08-09T16:16:07","date_gmt":"2024-08-09T14:16:07","guid":{"rendered":"https:\/\/stollar.eu\/maaratlemata\/the-drip-cafe-kohvimasin-ska720\/"},"modified":"2025-05-21T18:36:08","modified_gmt":"2025-05-21T16:36:08","slug":"the-drip-cafe-kohvimasin-ska720","status":"publish","type":"product","link":"https:\/\/stollar.eu\/et\/kohviseadmed\/the-drip-cafe-kohvimasin-ska720\/","title":{"rendered":"the Drip Caf\u00e9 kohvimasin SKA720"},"content":{"rendered":"","protected":false},"excerpt":{"rendered":"<h2>1,25-liitrine kompaktne roostevabast terasest kohvimasin.<\/h2>\n<ul>\n<li>V\u00f5imas 1250 W kuumutuss\u00fcsteem<\/li>\n<li>1,25-liitrine veetaseme n\u00e4idikuga veeanum<\/li>\n<li>1,25-liitrine kaaskann<\/li>\n<li>Tilkumisvastane klapp<\/li>\n<li>Soojashoidmise funktsioon<\/li>\n<li>Automaatne v\u00e4ljal\u00fclitus 40 minuti p\u00e4rast<\/li>\n<li>\u00dclekuumenemiskaitse<\/li>\n<li>Lihtsalt juurdep\u00e4\u00e4setav p\u00fcsifilter<\/li>\n<li>Nakkumatu kattega soojashoidmise plaat<\/li>\n<li>Roostevabast terasest<\/li>\n<li>Toitenupp koos v\u00e4rvin\u00e4idikuga<\/li>\n<li>Tootjagarantii 2 aastat<\/li>\n<\/ul>\n","protected":false},"featured_media":22914,"template":"","meta":{"_acf_changed":false},"product_brand":[],"product_cat":[411],"product_tag":[],"class_list":{"0":"post-22925","1":"product","2":"type-product","3":"status-publish","4":"has-post-thumbnail","6":"product_cat-kohviseadmed","8":"first","9":"instock","10":"taxable","11":"shipping-taxable","12":"purchasable","13":"product-type-simple"},"acf":[],"_links":{"self":[{"href":"https:\/\/stollar.eu\/et\/wp-json\/wp\/v2\/product\/22925","targetHints":{"allow":["GET"]}}],"collection":[{"href":"https:\/\/stollar.eu\/et\/wp-json\/wp\/v2\/product"}],"about":[{"href":"https:\/\/stollar.eu\/et\/wp-json\/wp\/v2\/types\/product"}],"version-history":[{"count":0,"href":"https:\/\/stollar.eu\/et\/wp-json\/wp\/v2\/product\/22925\/revisions"}],"wp:featuredmedia":[{"embeddable":true,"href":"https:\/\/stollar.eu\/et\/wp-json\/wp\/v2\/media\/22914"}],"wp:attachment":[{"href":"https:\/\/stollar.eu\/et\/wp-json\/wp\/v2\/media?parent=22925"}],"wp:term":[{"taxonomy":"product_brand","embeddable":true,"href":"https:\/\/stollar.eu\/et\/wp-json\/wp\/v2\/product_brand?post=22925"},{"taxonomy":"product_cat","embeddable":true,"href":"https:\/\/stollar.eu\/et\/wp-json\/wp\/v2\/product_cat?post=22925"},{"taxonomy":"product_tag","embeddable":true,"href":"https:\/\/stollar.eu\/et\/wp-json\/wp\/v2\/product_tag?post=22925"}],"curies":[{"name":"wp","href":"https:\/\/api.w.org\/{rel}","templated":true}]}}