{"id":22635,"date":"2024-07-18T13:11:22","date_gmt":"2024-07-18T11:11:22","guid":{"rendered":"https:\/\/stollar.eu\/maaratlemata\/the-blend-crush-kannmikser-stb700\/"},"modified":"2025-06-11T18:26:24","modified_gmt":"2025-06-11T16:26:24","slug":"the-blend-crush-kannmikser-stb700","status":"publish","type":"product","link":"https:\/\/stollar.eu\/et\/blenderid\/the-blend-crush-kannmikser-stb700\/","title":{"rendered":"the Blend &#038; Crush kannmikser STB700"},"content":{"rendered":"","protected":false},"excerpt":{"rendered":"<h2>V\u00f5imas 1500W muutuva kiirusega kannmikser koos 1,5-liitrise klaaspurgiga.<\/h2>\n<ul>\n<li>V\u00f5imas 1500 W mootor<\/li>\n<li>Maksimaalne t\u00f6\u00f6kiirus 21000 RPM<\/li>\n<li>6 \u00fche nupuvajutusega eelseadistatud programmi &#8211; smuuti, j\u00e4\u00e4 purustamine, segamine, p\u00fcree, j\u00e4\u00e4tis ja puhastamine<\/li>\n<li>Muutuva kiiruse reguleerimine<\/li>\n<li>Eemaldatavad roostevabast terasest terad<\/li>\n<li>Mahukas 1,5-liitrine klaaspurk<\/li>\n<li>Harjatud roostevabast terasest korpus<\/li>\n<li>\u00dclekuumenemiskaitse ja ohutuslukk<\/li>\n<li>2-aastane tootegarantii<\/li>\n<\/ul>\n","protected":false},"featured_media":22609,"template":"","meta":{"_acf_changed":false},"product_brand":[],"product_cat":[401],"product_tag":[],"class_list":{"0":"post-22635","1":"product","2":"type-product","3":"status-publish","4":"has-post-thumbnail","6":"product_cat-blenderid","8":"first","9":"instock","10":"taxable","11":"shipping-taxable","12":"purchasable","13":"product-type-simple"},"acf":[],"_links":{"self":[{"href":"https:\/\/stollar.eu\/et\/wp-json\/wp\/v2\/product\/22635","targetHints":{"allow":["GET"]}}],"collection":[{"href":"https:\/\/stollar.eu\/et\/wp-json\/wp\/v2\/product"}],"about":[{"href":"https:\/\/stollar.eu\/et\/wp-json\/wp\/v2\/types\/product"}],"version-history":[{"count":0,"href":"https:\/\/stollar.eu\/et\/wp-json\/wp\/v2\/product\/22635\/revisions"}],"wp:featuredmedia":[{"embeddable":true,"href":"https:\/\/stollar.eu\/et\/wp-json\/wp\/v2\/media\/22609"}],"wp:attachment":[{"href":"https:\/\/stollar.eu\/et\/wp-json\/wp\/v2\/media?parent=22635"}],"wp:term":[{"taxonomy":"product_brand","embeddable":true,"href":"https:\/\/stollar.eu\/et\/wp-json\/wp\/v2\/product_brand?post=22635"},{"taxonomy":"product_cat","embeddable":true,"href":"https:\/\/stollar.eu\/et\/wp-json\/wp\/v2\/product_cat?post=22635"},{"taxonomy":"product_tag","embeddable":true,"href":"https:\/\/stollar.eu\/et\/wp-json\/wp\/v2\/product_tag?post=22635"}],"curies":[{"name":"wp","href":"https:\/\/api.w.org\/{rel}","templated":true}]}}