{"id":22605,"date":"2024-07-18T12:12:43","date_gmt":"2024-07-18T10:12:43","guid":{"rendered":"https:\/\/stollar.eu\/maaratlemata\/the-hand-blender-kasimikser-shb810\/"},"modified":"2024-07-18T12:12:43","modified_gmt":"2024-07-18T10:12:43","slug":"the-hand-blender-kasimikser-shb810","status":"publish","type":"product","link":"https:\/\/stollar.eu\/et\/kasiblenderid\/the-hand-blender-kasimikser-shb810\/","title":{"rendered":"the Hand Blender k\u00e4simikser SHB810"},"content":{"rendered":"","protected":false},"excerpt":{"rendered":"<h2 class=\"p1\">V\u00f5imas k\u00e4simikser ergonoomilise k\u00e4epideme ja turbokiiruse nupuga.<\/h2>\n<ul>\n<li class=\"p1\">Kiiruse reguleerimisseadis t\u00e4pseks purustamiseks ja segamiseks ning t\u00f6\u00f6tlemiseks<\/li>\n<li class=\"p1\">Turbokiiruse nupp maksimumv\u00f5imsuse tagamiseks<\/li>\n<li class=\"p1\">V\u00f5imas 1200 W mootor<\/li>\n<li class=\"p1\">Roostevabast terasest varrega saab purustada ja segada nii kuumi kui ka k\u00fclmi koostisaineid<\/li>\n<li class=\"p1\">0,5-liitrine hakkimisanum<\/li>\n<li class=\"p1\">0,7-liitrine m\u00f5\u00f5teanum<\/li>\n<li class=\"p1\">Roostevabast terasest vispel h\u00f5lpsaks kloppimiseks ja segamiseks<\/li>\n<li class=\"p1\">Tootjagarantii 2 aastat<\/li>\n<\/ul>\n","protected":false},"featured_media":22597,"template":"","meta":{"_acf_changed":false},"product_brand":[],"product_cat":[453],"product_tag":[],"class_list":{"0":"post-22605","1":"product","2":"type-product","3":"status-publish","4":"has-post-thumbnail","6":"product_cat-kasiblenderid","8":"first","9":"instock","10":"taxable","11":"shipping-taxable","12":"purchasable","13":"product-type-simple"},"acf":[],"_links":{"self":[{"href":"https:\/\/stollar.eu\/et\/wp-json\/wp\/v2\/product\/22605","targetHints":{"allow":["GET"]}}],"collection":[{"href":"https:\/\/stollar.eu\/et\/wp-json\/wp\/v2\/product"}],"about":[{"href":"https:\/\/stollar.eu\/et\/wp-json\/wp\/v2\/types\/product"}],"version-history":[{"count":0,"href":"https:\/\/stollar.eu\/et\/wp-json\/wp\/v2\/product\/22605\/revisions"}],"wp:featuredmedia":[{"embeddable":true,"href":"https:\/\/stollar.eu\/et\/wp-json\/wp\/v2\/media\/22597"}],"wp:attachment":[{"href":"https:\/\/stollar.eu\/et\/wp-json\/wp\/v2\/media?parent=22605"}],"wp:term":[{"taxonomy":"product_brand","embeddable":true,"href":"https:\/\/stollar.eu\/et\/wp-json\/wp\/v2\/product_brand?post=22605"},{"taxonomy":"product_cat","embeddable":true,"href":"https:\/\/stollar.eu\/et\/wp-json\/wp\/v2\/product_cat?post=22605"},{"taxonomy":"product_tag","embeddable":true,"href":"https:\/\/stollar.eu\/et\/wp-json\/wp\/v2\/product_tag?post=22605"}],"curies":[{"name":"wp","href":"https:\/\/api.w.org\/{rel}","templated":true}]}}