{"id":22548,"date":"2023-06-01T00:00:00","date_gmt":"2023-05-31T22:00:00","guid":{"rendered":"https:\/\/stollar.eu\/maaratlemata\/kannmikser-the-activelife-snb550\/"},"modified":"2025-03-11T17:33:33","modified_gmt":"2025-03-11T15:33:33","slug":"kannmikser-the-activelife-snb550","status":"publish","type":"product","link":"https:\/\/stollar.eu\/et\/blenderid\/kannmikser-the-activelife-snb550\/","title":{"rendered":"Kannmikser the ActiveLife SNB550"},"content":{"rendered":"","protected":false},"excerpt":{"rendered":"<h2>V\u00f5imas 1000 W BPA-vaba kannmikser koos hakkimiskannuga.<\/h2>\n<ul>\n<li>V\u00f5imas 1000 W mootor<\/li>\n<li>J\u00f5udlus 23 000 p\u00f6\u00f6ret minutis<\/li>\n<li>Roostevabast terasest korpus<\/li>\n<li>Ristl\u00f5iketerad segamiseks, lamedad terad hakkimiseks<\/li>\n<li>Vastupidav BPA-vaba Tritan\u00ae segamiskann (1 l) ja hakkimiskann (0,45 l), ohutu n\u00f5udepesumasinas pesemiseks.<\/li>\n<li>Kallutatav kaas ja 2 hoiukaant<\/li>\n<li>Tootjagarantii 3 aastat<\/li>\n<\/ul>\n","protected":false},"featured_media":22549,"template":"","meta":{"_acf_changed":false},"product_brand":[],"product_cat":[401],"product_tag":[],"class_list":{"0":"post-22548","1":"product","2":"type-product","3":"status-publish","4":"has-post-thumbnail","6":"product_cat-blenderid","8":"first","9":"instock","10":"taxable","11":"shipping-taxable","12":"purchasable","13":"product-type-simple"},"acf":[],"_links":{"self":[{"href":"https:\/\/stollar.eu\/et\/wp-json\/wp\/v2\/product\/22548","targetHints":{"allow":["GET"]}}],"collection":[{"href":"https:\/\/stollar.eu\/et\/wp-json\/wp\/v2\/product"}],"about":[{"href":"https:\/\/stollar.eu\/et\/wp-json\/wp\/v2\/types\/product"}],"version-history":[{"count":0,"href":"https:\/\/stollar.eu\/et\/wp-json\/wp\/v2\/product\/22548\/revisions"}],"wp:featuredmedia":[{"embeddable":true,"href":"https:\/\/stollar.eu\/et\/wp-json\/wp\/v2\/media\/22549"}],"wp:attachment":[{"href":"https:\/\/stollar.eu\/et\/wp-json\/wp\/v2\/media?parent=22548"}],"wp:term":[{"taxonomy":"product_brand","embeddable":true,"href":"https:\/\/stollar.eu\/et\/wp-json\/wp\/v2\/product_brand?post=22548"},{"taxonomy":"product_cat","embeddable":true,"href":"https:\/\/stollar.eu\/et\/wp-json\/wp\/v2\/product_cat?post=22548"},{"taxonomy":"product_tag","embeddable":true,"href":"https:\/\/stollar.eu\/et\/wp-json\/wp\/v2\/product_tag?post=22548"}],"curies":[{"name":"wp","href":"https:\/\/api.w.org\/{rel}","templated":true}]}}