{"id":21128,"date":"2024-06-01T00:00:00","date_gmt":"2024-05-31T22:00:00","guid":{"rendered":"https:\/\/stollar.eu\/maaratlemata\/puuvilja-ja-koogiviljamahlapress-juice-spiede-jes690\/"},"modified":"2025-03-31T13:49:58","modified_gmt":"2025-03-31T11:49:58","slug":"the-fruit-veggie-juicer-mahlapress-jes690","status":"publish","type":"product","link":"https:\/\/stollar.eu\/et\/mahlapressid\/the-fruit-veggie-juicer-mahlapress-jes690\/","title":{"rendered":"the Fruit &#038; Veggie Juicer mahlapress JES690"},"content":{"rendered":"","protected":false},"excerpt":{"rendered":"<h2>Suurema t\u00e4iteavaga mahlapress.<\/h2>\n<div>\n<ul>\n<li>85 mm eriti lai t\u00e4iteava<\/li>\n<li>Reguleeritavad neli kiirust mahla pressimiseks k\u00f5vadest ja pehmetest viljadest ja lehtk\u00f6\u00f6giviljadest<\/li>\n<li>1,1-liitrine mahlakann koos vahueraldajaga<\/li>\n<li>Eriti suur 2,5 liitrine viljalihaanum \u2013 rohkem mahla, v\u00e4hem katkestusi<\/li>\n<li>800 W<\/li>\n<li>2-aastane tootjagarantii<\/li>\n<\/ul>\n<\/div>\n","protected":false},"featured_media":21133,"template":"","meta":{"_acf_changed":false},"product_brand":[],"product_cat":[449],"product_tag":[],"class_list":{"0":"post-21128","1":"product","2":"type-product","3":"status-publish","4":"has-post-thumbnail","6":"product_cat-mahlapressid","8":"first","9":"instock","10":"taxable","11":"shipping-taxable","12":"purchasable","13":"product-type-simple"},"acf":[],"_links":{"self":[{"href":"https:\/\/stollar.eu\/et\/wp-json\/wp\/v2\/product\/21128","targetHints":{"allow":["GET"]}}],"collection":[{"href":"https:\/\/stollar.eu\/et\/wp-json\/wp\/v2\/product"}],"about":[{"href":"https:\/\/stollar.eu\/et\/wp-json\/wp\/v2\/types\/product"}],"version-history":[{"count":0,"href":"https:\/\/stollar.eu\/et\/wp-json\/wp\/v2\/product\/21128\/revisions"}],"wp:featuredmedia":[{"embeddable":true,"href":"https:\/\/stollar.eu\/et\/wp-json\/wp\/v2\/media\/21133"}],"wp:attachment":[{"href":"https:\/\/stollar.eu\/et\/wp-json\/wp\/v2\/media?parent=21128"}],"wp:term":[{"taxonomy":"product_brand","embeddable":true,"href":"https:\/\/stollar.eu\/et\/wp-json\/wp\/v2\/product_brand?post=21128"},{"taxonomy":"product_cat","embeddable":true,"href":"https:\/\/stollar.eu\/et\/wp-json\/wp\/v2\/product_cat?post=21128"},{"taxonomy":"product_tag","embeddable":true,"href":"https:\/\/stollar.eu\/et\/wp-json\/wp\/v2\/product_tag?post=21128"}],"curies":[{"name":"wp","href":"https:\/\/api.w.org\/{rel}","templated":true}]}}