{"id":21062,"date":"2023-06-01T00:00:00","date_gmt":"2023-05-31T22:00:00","guid":{"rendered":"https:\/\/stollar.eu\/maaratlemata\/vacuumfresh-rullid-sat45\/"},"modified":"2024-08-01T16:02:24","modified_gmt":"2024-08-01T14:02:24","slug":"vacuumfresh-rullid-sat45","status":"publish","type":"product","link":"https:\/\/stollar.eu\/et\/tarvikud\/vacuumfresh-rullid-sat45\/","title":{"rendered":"the VacuumFresh rullid SAT45"},"content":{"rendered":"","protected":false},"excerpt":{"rendered":"<h2>Kaks vaakumpakendaja rulli 22 cm x 3 m mis tahes t\u00fc\u00fcpi toiduainete vaakumpakendamiseks.<\/h2>\n<div>\n<ul>\n<li>Kaks 22 cm x 3 m rulli<\/li>\n<li>Suurep\u00e4rased hoiustamiseks ja lihtne soojendada<\/li>\n<li>Tohib kasutada k\u00fclmikus, s\u00fcgavk\u00fclmikus, mikrolaineahjus ja aeglasel tulel<\/li>\n<li>\u00dchilduvad Stollari vaakumpakendajatega<\/li>\n<\/ul>\n<\/div>\n","protected":false},"featured_media":21064,"template":"","meta":{"_acf_changed":false},"product_brand":[],"product_cat":[438,441],"product_tag":[],"class_list":{"0":"post-21062","1":"product","2":"type-product","3":"status-publish","4":"has-post-thumbnail","6":"product_cat-tarvikud","7":"product_cat-vaakumpakendajad","9":"first","10":"instock","11":"taxable","12":"shipping-taxable","13":"purchasable","14":"product-type-simple"},"acf":[],"_links":{"self":[{"href":"https:\/\/stollar.eu\/et\/wp-json\/wp\/v2\/product\/21062","targetHints":{"allow":["GET"]}}],"collection":[{"href":"https:\/\/stollar.eu\/et\/wp-json\/wp\/v2\/product"}],"about":[{"href":"https:\/\/stollar.eu\/et\/wp-json\/wp\/v2\/types\/product"}],"version-history":[{"count":0,"href":"https:\/\/stollar.eu\/et\/wp-json\/wp\/v2\/product\/21062\/revisions"}],"wp:featuredmedia":[{"embeddable":true,"href":"https:\/\/stollar.eu\/et\/wp-json\/wp\/v2\/media\/21064"}],"wp:attachment":[{"href":"https:\/\/stollar.eu\/et\/wp-json\/wp\/v2\/media?parent=21062"}],"wp:term":[{"taxonomy":"product_brand","embeddable":true,"href":"https:\/\/stollar.eu\/et\/wp-json\/wp\/v2\/product_brand?post=21062"},{"taxonomy":"product_cat","embeddable":true,"href":"https:\/\/stollar.eu\/et\/wp-json\/wp\/v2\/product_cat?post=21062"},{"taxonomy":"product_tag","embeddable":true,"href":"https:\/\/stollar.eu\/et\/wp-json\/wp\/v2\/product_tag?post=21062"}],"curies":[{"name":"wp","href":"https:\/\/api.w.org\/{rel}","templated":true}]}}