{"id":21007,"date":"2023-06-01T00:00:00","date_gmt":"2023-05-31T22:00:00","guid":{"rendered":"https:\/\/stollar.eu\/maaratlemata\/vacuumfresh-sat60\/"},"modified":"2024-08-01T16:02:33","modified_gmt":"2024-08-01T14:02:33","slug":"vacuumfresh-sat60","status":"publish","type":"product","link":"https:\/\/stollar.eu\/et\/tarvikud\/vacuumfresh-sat60\/","title":{"rendered":"the VacuumFresh s\u00e4ilituskarbid SAT60"},"content":{"rendered":"","protected":false},"excerpt":{"rendered":"<h2>2800 ml ja 1000 ml BPA-vabad s\u00e4ilituskarbid vaakumpakendamiseks. V\u00e4rskete ja marineeritud toiduainete s\u00e4ilitamiseks.<\/h2>\n<div>\n<ul>\n<li>2800 ml ja 1000 ml<\/li>\n<li>BPA-vabad<\/li>\n<li>Kuup\u00e4eva ja kuu n\u00e4idikud<\/li>\n<li>Tohib kasutada k\u00fclmikus ja s\u00fcgavk\u00fclmikus ning pesta n\u00f5udepesumasinas<\/li>\n<li>\u00dchilduvad Stollari vaakumpakendajatega<\/li>\n<\/ul>\n<\/div>\n","protected":false},"featured_media":21022,"template":"","meta":{"_acf_changed":false},"product_brand":[],"product_cat":[438,441],"product_tag":[],"class_list":{"0":"post-21007","1":"product","2":"type-product","3":"status-publish","4":"has-post-thumbnail","6":"product_cat-tarvikud","7":"product_cat-vaakumpakendajad","9":"first","10":"instock","11":"taxable","12":"shipping-taxable","13":"purchasable","14":"product-type-simple"},"acf":[],"_links":{"self":[{"href":"https:\/\/stollar.eu\/et\/wp-json\/wp\/v2\/product\/21007","targetHints":{"allow":["GET"]}}],"collection":[{"href":"https:\/\/stollar.eu\/et\/wp-json\/wp\/v2\/product"}],"about":[{"href":"https:\/\/stollar.eu\/et\/wp-json\/wp\/v2\/types\/product"}],"version-history":[{"count":0,"href":"https:\/\/stollar.eu\/et\/wp-json\/wp\/v2\/product\/21007\/revisions"}],"wp:featuredmedia":[{"embeddable":true,"href":"https:\/\/stollar.eu\/et\/wp-json\/wp\/v2\/media\/21022"}],"wp:attachment":[{"href":"https:\/\/stollar.eu\/et\/wp-json\/wp\/v2\/media?parent=21007"}],"wp:term":[{"taxonomy":"product_brand","embeddable":true,"href":"https:\/\/stollar.eu\/et\/wp-json\/wp\/v2\/product_brand?post=21007"},{"taxonomy":"product_cat","embeddable":true,"href":"https:\/\/stollar.eu\/et\/wp-json\/wp\/v2\/product_cat?post=21007"},{"taxonomy":"product_tag","embeddable":true,"href":"https:\/\/stollar.eu\/et\/wp-json\/wp\/v2\/product_tag?post=21007"}],"curies":[{"name":"wp","href":"https:\/\/api.w.org\/{rel}","templated":true}]}}